{"id":26818,"date":"2023-12-01T16:53:45","date_gmt":"2023-12-01T15:53:45","guid":{"rendered":"http:\/\/localhost:8080\/?page_id=26818"},"modified":"2024-01-29T16:40:14","modified_gmt":"2024-01-29T16:40:14","slug":"canvatest","status":"publish","type":"page","link":"https:\/\/dedicalo-neu.leineglueck-demo.de\/de\/canvatest\/","title":{"rendered":"canvatest"},"content":{"rendered":"<div class=\"wpb-content-wrapper\"><p>[vc_row css=&#8220;.vc_custom_1706542930686{padding-top: 100px !important;padding-bottom: 100px !important;}&#8220;][vc_column width=&#8220;1\/3&#8243;]<div class=\"container\"><div class=\"story-card\"><div class=\"wp-block-image\" style=\"padding: var(--wp--preset--spacing--20);\"><img loading=\"lazy\" decoding=\"async\" width=\"628\" height=\"976\" src=\"https:\/\/dedicalo-neu.leineglueck-demo.de\/wp-content\/uploads\/2024\/01\/sc_stroeber.png\" class=\"attachment-full size-full\" alt=\"\" srcset=\"https:\/\/dedicalo-neu.leineglueck-demo.de\/wp-content\/uploads\/2024\/01\/sc_stroeber.png 628w, https:\/\/dedicalo-neu.leineglueck-demo.de\/wp-content\/uploads\/2024\/01\/sc_stroeber-193x300.png 193w\" sizes=\"auto, (max-width: 628px) 100vw, 628px\" \/><\/div><div class=\"story-card-position-container\"><p class=\"story-card-position-description\">Maik Str\u00f6ber,<br \/>\nSenior Teamlead<br \/>\nTechnical Resources Group<\/p><\/div><\/div><div class=\"story-card-content\"><div class=\"story-card-logo\"><img loading=\"lazy\" decoding=\"async\" width=\"600\" height=\"350\" src=\"https:\/\/dedicalo-neu.leineglueck-demo.de\/wp-content\/uploads\/2024\/01\/Logo-Computacenter.png\" class=\"attachment-full size-full\" alt=\"\" srcset=\"https:\/\/dedicalo-neu.leineglueck-demo.de\/wp-content\/uploads\/2024\/01\/Logo-Computacenter.png 600w, https:\/\/dedicalo-neu.leineglueck-demo.de\/wp-content\/uploads\/2024\/01\/Logo-Computacenter-300x175.png 300w\" sizes=\"auto, (max-width: 600px) 100vw, 600px\" \/><\/div><div class=\"story-card-text\"><p class=\"story-card-quote\" style=\"font-size:1.8rem !important;\">\u201edec\u00eddalo erm\u00f6glicht es uns, unsere CVs qualitativ sehr hochwertig zu gestalten und das Know-how unserer Mitarbeiter bestm\u00f6glich zu vermarkten.\u201d<\/p><div class=\"story-card-button\"><a rel=\"nofollow\" href=\"\">Success Story lesen<\/a><\/div><\/div><\/div><\/div>[\/vc_column][vc_column width=&#8220;1\/3&#8243;]<div class=\"container\"><div class=\"story-card\"><div class=\"wp-block-image\" style=\"padding: var(--wp--preset--spacing--20);\"><img loading=\"lazy\" decoding=\"async\" width=\"469\" height=\"730\" src=\"https:\/\/dedicalo-neu.leineglueck-demo.de\/wp-content\/uploads\/2024\/01\/sc_caniga.png\" class=\"attachment-full size-full\" alt=\"\" srcset=\"https:\/\/dedicalo-neu.leineglueck-demo.de\/wp-content\/uploads\/2024\/01\/sc_caniga.png 469w, https:\/\/dedicalo-neu.leineglueck-demo.de\/wp-content\/uploads\/2024\/01\/sc_caniga-193x300.png 193w\" sizes=\"auto, (max-width: 469px) 100vw, 469px\" \/><\/div><div class=\"story-card-position-container\"><p class=\"story-card-position-description\">Roman Caniga,<br \/>\nResource Manager<\/p><\/div><\/div><div class=\"story-card-content\"><div class=\"story-card-logo\"><img loading=\"lazy\" decoding=\"async\" width=\"300\" height=\"165\" src=\"https:\/\/dedicalo-neu.leineglueck-demo.de\/wp-content\/uploads\/2022\/02\/Design-ohne-Titel15-2.png\" class=\"attachment-full size-full\" alt=\"\" \/><\/div><div class=\"story-card-text\"><p class=\"story-card-quote\" style=\"font-size:1.8rem !important;\">\u201eDie klare Fokussierung von DAS auf die Consulting-Branche macht die Zusammenarbeit einfach. Unsere W\u00fcnsche und Anregungen werden sofort verstanden und Anpassungen k\u00f6nnen leicht umgesetzt werden.\u201d<\/p><div class=\"story-card-button\"><a rel=\"nofollow\" href=\"\">Success Story lesen<\/a><\/div><\/div><\/div><\/div>[\/vc_column][vc_column width=&#8220;1\/3&#8243;]<div class=\"container\"><div class=\"story-card\"><div class=\"wp-block-image\" style=\"padding: var(--wp--preset--spacing--20);\"><img loading=\"lazy\" decoding=\"async\" width=\"620\" height=\"965\" src=\"https:\/\/dedicalo-neu.leineglueck-demo.de\/wp-content\/uploads\/2024\/01\/sc_kundi.png\" class=\"attachment-full size-full\" alt=\"\" srcset=\"https:\/\/dedicalo-neu.leineglueck-demo.de\/wp-content\/uploads\/2024\/01\/sc_kundi.png 620w, https:\/\/dedicalo-neu.leineglueck-demo.de\/wp-content\/uploads\/2024\/01\/sc_kundi-193x300.png 193w\" sizes=\"auto, (max-width: 620px) 100vw, 620px\" \/><\/div><div class=\"story-card-position-container\"><p class=\"story-card-position-description\">Rolf Kundi,<br \/>\nTeam Lead<br \/>\ndecidalo Project Management<\/p><\/div><\/div><div class=\"story-card-content\"><div class=\"story-card-logo\"><img loading=\"lazy\" decoding=\"async\" width=\"380\" height=\"180\" src=\"https:\/\/dedicalo-neu.leineglueck-demo.de\/wp-content\/uploads\/2018\/11\/brockhaus.gif\" class=\"attachment-full size-full\" alt=\"\" \/><\/div><div class=\"story-card-text\"><p class=\"story-card-quote\" style=\"font-size:1.4rem !important;\">\u201eAls IT-Beratungsunternehmen ist die Kommunikation unserer Expertenkompetenz in CVs ein entscheidender Erfolgsfaktor. dec\u00eddalo ist f\u00fcr uns in diesem Kontext eine wertvolle L\u00f6sung zur Generierung und Pflege hochwertiger Profile. Der Export eines Experten-Profils ohne Nachbearbeitungsaufwand hat unsere Response-Zeiten bei Kundenanfragen entscheidend verbessert.\u201c<\/p><div class=\"story-card-button\"><a rel=\"nofollow\" href=\"#\">Success Story lesen<\/a><\/div><\/div><\/div><\/div>[\/vc_column][\/vc_row]<\/p>\n<\/div>","protected":false},"excerpt":{"rendered":"<p>[vc_row css=&#8220;.vc_custom_1706542930686{padding-top: 100px !important;padding-bottom: 100px !important;}&#8220;][vc_column width=&#8220;1\/3&#8243;][\/vc_column][vc_column width=&#8220;1\/3&#8243;][\/vc_column][vc_column width=&#8220;1\/3&#8243;][\/vc_column][\/vc_row]<\/p>\n","protected":false},"author":1,"featured_media":0,"parent":0,"menu_order":0,"comment_status":"closed","ping_status":"closed","template":"page-no-title","meta":{"inline_featured_image":false,"footnotes":"","_links_to":"","_links_to_target":""},"class_list":["post-26818","page","type-page","status-publish","hentry"],"yoast_head":"<!-- This site is optimized with the Yoast SEO plugin v27.4 - https:\/\/yoast.com\/product\/yoast-seo-wordpress\/ -->\n<title>canvatest - decidalo<\/title>\n<meta name=\"robots\" content=\"index, follow, max-snippet:-1, max-image-preview:large, max-video-preview:-1\" \/>\n<link rel=\"canonical\" href=\"https:\/\/dedicalo-neu.leineglueck-demo.de\/de\/canvatest\/\" \/>\n<meta property=\"og:locale\" content=\"de_DE\" \/>\n<meta property=\"og:type\" content=\"article\" \/>\n<meta property=\"og:title\" content=\"canvatest - decidalo\" \/>\n<meta property=\"og:description\" content=\"[vc_row css=&#8220;.vc_custom_1706542930686{padding-top: 100px !important;padding-bottom: 100px !important;}&#8220;][vc_column width=&#8220;1\/3&#8243;][\/vc_column][vc_column width=&#8220;1\/3&#8243;][\/vc_column][vc_column width=&#8220;1\/3&#8243;][\/vc_column][\/vc_row]\" \/>\n<meta property=\"og:url\" content=\"https:\/\/dedicalo-neu.leineglueck-demo.de\/de\/canvatest\/\" \/>\n<meta property=\"og:site_name\" content=\"decidalo\" \/>\n<meta property=\"article:modified_time\" content=\"2024-01-29T16:40:14+00:00\" \/>\n<meta name=\"twitter:card\" content=\"summary_large_image\" \/>\n<meta name=\"twitter:label1\" content=\"Gesch\u00e4tzte Lesezeit\" \/>\n\t<meta name=\"twitter:data1\" content=\"1\u00a0Minute\" \/>\n<script type=\"application\/ld+json\" class=\"yoast-schema-graph\">{\"@context\":\"https:\\\/\\\/schema.org\",\"@graph\":[{\"@type\":\"WebPage\",\"@id\":\"https:\\\/\\\/dedicalo-neu.leineglueck-demo.de\\\/de\\\/canvatest\\\/\",\"url\":\"https:\\\/\\\/dedicalo-neu.leineglueck-demo.de\\\/de\\\/canvatest\\\/\",\"name\":\"canvatest - decidalo\",\"isPartOf\":{\"@id\":\"https:\\\/\\\/dedicalo-neu.leineglueck-demo.de\\\/de\\\/#website\"},\"datePublished\":\"2023-12-01T15:53:45+00:00\",\"dateModified\":\"2024-01-29T16:40:14+00:00\",\"breadcrumb\":{\"@id\":\"https:\\\/\\\/dedicalo-neu.leineglueck-demo.de\\\/de\\\/canvatest\\\/#breadcrumb\"},\"inLanguage\":\"de\",\"potentialAction\":[{\"@type\":\"ReadAction\",\"target\":[\"https:\\\/\\\/dedicalo-neu.leineglueck-demo.de\\\/de\\\/canvatest\\\/\"]}]},{\"@type\":\"BreadcrumbList\",\"@id\":\"https:\\\/\\\/dedicalo-neu.leineglueck-demo.de\\\/de\\\/canvatest\\\/#breadcrumb\",\"itemListElement\":[{\"@type\":\"ListItem\",\"position\":1,\"name\":\"Home\",\"item\":\"https:\\\/\\\/www.dedicalo.com\\\/de\\\/\"},{\"@type\":\"ListItem\",\"position\":2,\"name\":\"canvatest\"}]},{\"@type\":\"WebSite\",\"@id\":\"https:\\\/\\\/dedicalo-neu.leineglueck-demo.de\\\/de\\\/#website\",\"url\":\"https:\\\/\\\/dedicalo-neu.leineglueck-demo.de\\\/de\\\/\",\"name\":\"decidalo\",\"description\":\"Just another WordPress site\",\"publisher\":{\"@id\":\"https:\\\/\\\/dedicalo-neu.leineglueck-demo.de\\\/de\\\/#organization\"},\"potentialAction\":[{\"@type\":\"SearchAction\",\"target\":{\"@type\":\"EntryPoint\",\"urlTemplate\":\"https:\\\/\\\/dedicalo-neu.leineglueck-demo.de\\\/de\\\/?s={search_term_string}\"},\"query-input\":{\"@type\":\"PropertyValueSpecification\",\"valueRequired\":true,\"valueName\":\"search_term_string\"}}],\"inLanguage\":\"de\"},{\"@type\":\"Organization\",\"@id\":\"https:\\\/\\\/dedicalo-neu.leineglueck-demo.de\\\/de\\\/#organization\",\"name\":\"decidalo\",\"url\":\"https:\\\/\\\/dedicalo-neu.leineglueck-demo.de\\\/de\\\/\",\"logo\":{\"@type\":\"ImageObject\",\"inLanguage\":\"de\",\"@id\":\"https:\\\/\\\/dedicalo-neu.leineglueck-demo.de\\\/de\\\/#\\\/schema\\\/logo\\\/image\\\/\",\"url\":\"https:\\\/\\\/dedicalo-neu.leineglueck-demo.de\\\/wp-content\\\/uploads\\\/2024\\\/01\\\/decidalo-by-das.png\",\"contentUrl\":\"https:\\\/\\\/dedicalo-neu.leineglueck-demo.de\\\/wp-content\\\/uploads\\\/2024\\\/01\\\/decidalo-by-das.png\",\"width\":800,\"height\":165,\"caption\":\"decidalo\"},\"image\":{\"@id\":\"https:\\\/\\\/dedicalo-neu.leineglueck-demo.de\\\/de\\\/#\\\/schema\\\/logo\\\/image\\\/\"}}]}<\/script>\n<!-- \/ Yoast SEO plugin. -->","yoast_head_json":{"title":"canvatest - decidalo","robots":{"index":"index","follow":"follow","max-snippet":"max-snippet:-1","max-image-preview":"max-image-preview:large","max-video-preview":"max-video-preview:-1"},"canonical":"https:\/\/dedicalo-neu.leineglueck-demo.de\/de\/canvatest\/","og_locale":"de_DE","og_type":"article","og_title":"canvatest - decidalo","og_description":"[vc_row css=&#8220;.vc_custom_1706542930686{padding-top: 100px !important;padding-bottom: 100px !important;}&#8220;][vc_column width=&#8220;1\/3&#8243;][\/vc_column][vc_column width=&#8220;1\/3&#8243;][\/vc_column][vc_column width=&#8220;1\/3&#8243;][\/vc_column][\/vc_row]","og_url":"https:\/\/dedicalo-neu.leineglueck-demo.de\/de\/canvatest\/","og_site_name":"decidalo","article_modified_time":"2024-01-29T16:40:14+00:00","twitter_card":"summary_large_image","twitter_misc":{"Gesch\u00e4tzte Lesezeit":"1\u00a0Minute"},"schema":{"@context":"https:\/\/schema.org","@graph":[{"@type":"WebPage","@id":"https:\/\/dedicalo-neu.leineglueck-demo.de\/de\/canvatest\/","url":"https:\/\/dedicalo-neu.leineglueck-demo.de\/de\/canvatest\/","name":"canvatest - decidalo","isPartOf":{"@id":"https:\/\/dedicalo-neu.leineglueck-demo.de\/de\/#website"},"datePublished":"2023-12-01T15:53:45+00:00","dateModified":"2024-01-29T16:40:14+00:00","breadcrumb":{"@id":"https:\/\/dedicalo-neu.leineglueck-demo.de\/de\/canvatest\/#breadcrumb"},"inLanguage":"de","potentialAction":[{"@type":"ReadAction","target":["https:\/\/dedicalo-neu.leineglueck-demo.de\/de\/canvatest\/"]}]},{"@type":"BreadcrumbList","@id":"https:\/\/dedicalo-neu.leineglueck-demo.de\/de\/canvatest\/#breadcrumb","itemListElement":[{"@type":"ListItem","position":1,"name":"Home","item":"https:\/\/www.dedicalo.com\/de\/"},{"@type":"ListItem","position":2,"name":"canvatest"}]},{"@type":"WebSite","@id":"https:\/\/dedicalo-neu.leineglueck-demo.de\/de\/#website","url":"https:\/\/dedicalo-neu.leineglueck-demo.de\/de\/","name":"decidalo","description":"Just another WordPress site","publisher":{"@id":"https:\/\/dedicalo-neu.leineglueck-demo.de\/de\/#organization"},"potentialAction":[{"@type":"SearchAction","target":{"@type":"EntryPoint","urlTemplate":"https:\/\/dedicalo-neu.leineglueck-demo.de\/de\/?s={search_term_string}"},"query-input":{"@type":"PropertyValueSpecification","valueRequired":true,"valueName":"search_term_string"}}],"inLanguage":"de"},{"@type":"Organization","@id":"https:\/\/dedicalo-neu.leineglueck-demo.de\/de\/#organization","name":"decidalo","url":"https:\/\/dedicalo-neu.leineglueck-demo.de\/de\/","logo":{"@type":"ImageObject","inLanguage":"de","@id":"https:\/\/dedicalo-neu.leineglueck-demo.de\/de\/#\/schema\/logo\/image\/","url":"https:\/\/dedicalo-neu.leineglueck-demo.de\/wp-content\/uploads\/2024\/01\/decidalo-by-das.png","contentUrl":"https:\/\/dedicalo-neu.leineglueck-demo.de\/wp-content\/uploads\/2024\/01\/decidalo-by-das.png","width":800,"height":165,"caption":"decidalo"},"image":{"@id":"https:\/\/dedicalo-neu.leineglueck-demo.de\/de\/#\/schema\/logo\/image\/"}}]}},"_links":{"self":[{"href":"https:\/\/dedicalo-neu.leineglueck-demo.de\/de\/wp-json\/wp\/v2\/pages\/26818","targetHints":{"allow":["GET"]}}],"collection":[{"href":"https:\/\/dedicalo-neu.leineglueck-demo.de\/de\/wp-json\/wp\/v2\/pages"}],"about":[{"href":"https:\/\/dedicalo-neu.leineglueck-demo.de\/de\/wp-json\/wp\/v2\/types\/page"}],"author":[{"embeddable":true,"href":"https:\/\/dedicalo-neu.leineglueck-demo.de\/de\/wp-json\/wp\/v2\/users\/1"}],"replies":[{"embeddable":true,"href":"https:\/\/dedicalo-neu.leineglueck-demo.de\/de\/wp-json\/wp\/v2\/comments?post=26818"}],"version-history":[{"count":20,"href":"https:\/\/dedicalo-neu.leineglueck-demo.de\/de\/wp-json\/wp\/v2\/pages\/26818\/revisions"}],"predecessor-version":[{"id":29285,"href":"https:\/\/dedicalo-neu.leineglueck-demo.de\/de\/wp-json\/wp\/v2\/pages\/26818\/revisions\/29285"}],"wp:attachment":[{"href":"https:\/\/dedicalo-neu.leineglueck-demo.de\/de\/wp-json\/wp\/v2\/media?parent=26818"}],"curies":[{"name":"wp","href":"https:\/\/api.w.org\/{rel}","templated":true}]}}