{"id":30669,"date":"2024-02-01T14:00:47","date_gmt":"2024-02-01T14:00:47","guid":{"rendered":"https:\/\/dedicalo-neu.leineglueck-demo.de\/?page_id=30669"},"modified":"2025-06-19T18:01:52","modified_gmt":"2025-06-19T16:01:52","slug":"about","status":"publish","type":"page","link":"https:\/\/dedicalo-neu.leineglueck-demo.de\/de\/ueber-uns\/","title":{"rendered":"\u00dcber uns"},"content":{"rendered":"<div class=\"wpb-content-wrapper\"><p>[vc_row full_width=&#8220;stretch_row&#8220; css=&#8220;.vc_custom_1708002632072{padding-top: 10vh !important;padding-bottom: 12vh !important;background-image: url(https:\/\/dedicalo-neu.leineglueck-demo.de\/wp-content\/uploads\/2024\/02\/Design-ohne-Titel110.png?id=32010) !important;background-position: center !important;background-repeat: no-repeat !important;background-size: cover !important;}&#8220;][vc_column][vc_custom_heading text=&#8220;Dynamisch, datengetrieben und<br \/>\nGenAI-native&#8220; font_container=&#8220;tag:h1|text_align:left|color:%23ffffff&#8220; use_theme_fonts=&#8220;yes&#8220;][\/vc_column][\/vc_row][vc_row full_width=&#8220;stretch_row&#8220; css=&#8220;.vc_custom_1706885673044{padding-top: 0px !important;padding-bottom: 4vh !important;}&#8220;][vc_column][vc_row_inner equal_height=&#8220;yes&#8220; content_placement=&#8220;middle&#8220; gap=&#8220;35&#8243;][vc_column_inner offset=&#8220;vc_col-xs-12&#8243;][vc_custom_heading text=&#8220;Wer wir sind&#8220; font_container=&#8220;tag:h2|text_align:left|color:%23005a8d&#8220; use_theme_fonts=&#8220;yes&#8220;][vc_column_text]Seit ihrer Gr\u00fcndung 2008 beschreitet Data Assessment Solutions neue Wege f\u00fcr die effiziente Nutzung von Skills und Mitarbeiterkapazit\u00e4ten in dynamischen Wachstumsbranchen \u2013 insbesondere f\u00fcr IT-Services- und Consulting-Unternehmen. Wir vereinen langj\u00e4hrige Branchenerfahrung mit tiefer Expertise in maschinellem Lernen und Datenanalyse. Durch die intelligente Nutzung vorhandener Daten erreichen wir deutliche Effizienzsteigerungen und liefern unseren Kunden eine verl\u00e4ssliche Quelle f\u00fcr alle Informationen zu Mitarbeitenden und Projekten.<\/p>\n<p>Heute geh\u00f6ren rund 30 Mitarbeitende zu dem innovativen und engagierten Team der Data Assessment Solutions GmbH, die ihren Sitz in der nieders\u00e4chsischen Landeshauptstadt Hannover hat.[\/vc_column_text][\/vc_column_inner][\/vc_row_inner][\/vc_column][\/vc_row][vc_row full_width=&#8220;stretch_row&#8220; el_class=&#8220;timeline-section&#8220; css=&#8220;.vc_custom_1706885703897{padding-top: 0px !important;padding-bottom: 8vh !important;background-color: #f7f7f7 !important;}&#8220;][vc_column][vc_custom_heading text=&#8220;15 Jahre Branchen\u00aderfahrung&#8220; font_container=&#8220;tag:h2|text_align:left|color:%23005a8d&#8220; use_theme_fonts=&#8220;yes&#8220;][vc_row_inner equal_height=&#8220;yes&#8220; content_placement=&#8220;middle&#8220;][vc_column_inner el_class=&#8220;left&#8220; width=&#8220;1\/4&#8243; offset=&#8220;vc_col-xs-12&#8243;][vc_custom_heading text=&#8220;2008&#8243; font_container=&#8220;tag:p|text_align:left&#8220; use_theme_fonts=&#8220;yes&#8220;][\/vc_column_inner][vc_column_inner el_class=&#8220;right&#8220; width=&#8220;3\/4&#8243; offset=&#8220;vc_col-xs-12&#8243;][vc_column_text]Seit der Firmengr\u00fcndung entwickeln wir datengetriebene L\u00f6sungen f\u00fcr Professional Services[\/vc_column_text][\/vc_column_inner][\/vc_row_inner][vc_row_inner equal_height=&#8220;yes&#8220; content_placement=&#8220;middle&#8220;][vc_column_inner el_class=&#8220;left&#8220; width=&#8220;1\/4&#8243; offset=&#8220;vc_col-xs-12&#8243;][vc_custom_heading text=&#8220;2009&#8243; font_container=&#8220;tag:p|text_align:left&#8220; use_theme_fonts=&#8220;yes&#8220;][\/vc_column_inner][vc_column_inner el_class=&#8220;right&#8220; width=&#8220;3\/4&#8243; offset=&#8220;vc_col-xs-12&#8243;][vc_column_text]Go-Live der ersten Version von dec\u00eddalo[\/vc_column_text][\/vc_column_inner][\/vc_row_inner][vc_row_inner equal_height=&#8220;yes&#8220; content_placement=&#8220;middle&#8220;][vc_column_inner el_class=&#8220;left&#8220; width=&#8220;1\/4&#8243; offset=&#8220;vc_col-xs-12&#8243;][vc_custom_heading text=&#8220;2016&#8243; font_container=&#8220;tag:p|text_align:left&#8220; use_theme_fonts=&#8220;yes&#8220;][\/vc_column_inner][vc_column_inner el_class=&#8220;right&#8220; width=&#8220;3\/4&#8243; offset=&#8220;vc_col-xs-12&#8243;][vc_column_text]Re-Launch mit neuem Frontend[\/vc_column_text][\/vc_column_inner][\/vc_row_inner][vc_row_inner equal_height=&#8220;yes&#8220; content_placement=&#8220;middle&#8220;][vc_column_inner el_class=&#8220;left&#8220; width=&#8220;1\/4&#8243; offset=&#8220;vc_col-xs-12&#8243;][vc_custom_heading text=&#8220;2022&#8243; font_container=&#8220;tag:p|text_align:left&#8220; use_theme_fonts=&#8220;yes&#8220;][\/vc_column_inner][vc_column_inner el_class=&#8220;right&#8220; width=&#8220;3\/4&#8243; offset=&#8220;vc_col-xs-12&#8243;][vc_column_text]Beginn der Neuimplementierung, GenAI-native[\/vc_column_text][\/vc_column_inner][\/vc_row_inner][vc_row_inner equal_height=&#8220;yes&#8220; content_placement=&#8220;middle&#8220;][vc_column_inner el_class=&#8220;left&#8220; width=&#8220;1\/4&#8243; offset=&#8220;vc_col-xs-12&#8243;][vc_custom_heading text=&#8220;2023&#8243; font_container=&#8220;tag:p|text_align:left&#8220; use_theme_fonts=&#8220;yes&#8220;][\/vc_column_inner][vc_column_inner el_class=&#8220;right&#8220; width=&#8220;3\/4&#8243; offset=&#8220;vc_col-xs-12&#8243;][vc_column_text]Rollout der dritten Version von dec\u00eddalo mit Teams-Chatbot[\/vc_column_text][\/vc_column_inner][\/vc_row_inner][\/vc_column][\/vc_row][vc_row full_width=&#8220;stretch_row&#8220; css=&#8220;.vc_custom_1706885624056{padding-top: 3vh !important;padding-bottom: 8vh !important;}&#8220;][vc_column][vc_custom_heading text=&#8220;Kontaktieren Sie uns!&#8220; font_container=&#8220;tag:h2|text_align:left|color:%23005a8d&#8220; use_theme_fonts=&#8220;yes&#8220;][vc_row_inner equal_height=&#8220;yes&#8220; content_placement=&#8220;middle&#8220; gap=&#8220;35&#8243;][vc_column_inner width=&#8220;1\/2&#8243;][vc_single_image image=&#8220;30675&#8243; img_size=&#8220;370&#215;420&#8243;][\/vc_column_inner][vc_column_inner width=&#8220;1\/2&#8243;][vc_column_text]<a class=\"contact-icons\" href=\"tel:+4951147402330\"><img loading=\"lazy\" decoding=\"async\" class=\"alignleft size-thumbnail\" src=\"\/wp-content\/uploads\/2024\/02\/Grafiken-fuer-Ueber-Uns1-100x100.png\" alt=\"\" width=\"70\" height=\"70\" \/> +49 511 474 023 30<\/a>[\/vc_column_text][vc_empty_space height=&#8220;10px&#8220;][vc_column_text]<a class=\"contact-icons\" href=\"mailto:info@data-assessment.com\"><img loading=\"lazy\" decoding=\"async\" class=\"alignleft size-thumbnail\" src=\"\/wp-content\/uploads\/2024\/02\/Grafiken-fuer-Ueber-Uns2-100x100.png\" alt=\"\" width=\"70\" height=\"70\" \/> info@decidalo.com<\/a>[\/vc_column_text][\/vc_column_inner][\/vc_row_inner][\/vc_column][\/vc_row][vc_row full_width=&#8220;stretch_row_content_no_spaces&#8220; css=&#8220;.vc_custom_1706885629015{padding-top: 0px !important;padding-bottom: 0px !important;background-image: url(https:\/\/dedicalo-neu.leineglueck-demo.de\/wp-content\/uploads\/2024\/01\/CTA-backgorund-2.jpg?id=29455) !important;background-position: center !important;background-repeat: no-repeat !important;background-size: cover !important;}&#8220; el_class=&#8220;cta-section&#8220;][vc_column width=&#8220;1\/2&#8243; offset=&#8220;vc_col-lg-7 vc_col-md-7 vc_col-xs-12 vc_hidden-xs&#8220;][\/vc_column][vc_column width=&#8220;1\/2&#8243; css=&#8220;.vc_custom_1706560112265{padding-top: 10vh !important;padding-bottom: 10vh !important;background-color: rgba(253,115,3,0.65) !important;background-position: center !important;background-repeat: no-repeat !important;background-size: cover !important;*background-color: rgb(253,115,3) !important;}&#8220; el_class=&#8220;cta-orange&#8220; offset=&#8220;vc_col-lg-5 vc_col-md-5 vc_col-xs-12&#8243;][vc_custom_heading text=&#8220;Kein neues Feature verpassen?<br \/>\nHier f\u00fcr unseren Newsletter anmelden!&#8220; font_container=&#8220;tag:h2|text_align:left|color:%23ffffff&#8220; use_theme_fonts=&#8220;yes&#8220;][vc_btn title=&#8220;Kontakt aufnehmen&#8220; style=&#8220;flat&#8220; shape=&#8220;round&#8220; color=&#8220;white&#8220; size=&#8220;lg&#8220; align=&#8220;left&#8220; link=&#8220;url:%2Fde%2Fkontakt%2F|target:_blank&#8220;][\/vc_column][\/vc_row]<\/p>\n<\/div>","protected":false},"excerpt":{"rendered":"<p>[vc_row full_width=&#8220;stretch_row&#8220; css=&#8220;.vc_custom_1708002632072{padding-top: 10vh !important;padding-bottom: 12vh !important;background-image: url(https:\/\/dedicalo-neu.leineglueck-demo.de\/wp-content\/uploads\/2024\/02\/Design-ohne-Titel110.png?id=32010) !important;background-position: center !important;background-repeat: no-repeat !important;background-size: cover !important;}&#8220;][vc_column][vc_custom_heading text=&#8220;Dynamisch, datengetrieben und GenAI-native&#8220; font_container=&#8220;tag:h1|text_align:left|color:%23ffffff&#8220; use_theme_fonts=&#8220;yes&#8220;][\/vc_column][\/vc_row][vc_row full_width=&#8220;stretch_row&#8220; css=&#8220;.vc_custom_1706885673044{padding-top: 0px !important;padding-bottom: 4vh !important;}&#8220;][vc_column][vc_row_inner equal_height=&#8220;yes&#8220; content_placement=&#8220;middle&#8220; gap=&#8220;35&#8243;][vc_column_inner offset=&#8220;vc_col-xs-12&#8243;][vc_custom_heading text=&#8220;Wer wir sind&#8220; font_container=&#8220;tag:h2|text_align:left|color:%23005a8d&#8220; use_theme_fonts=&#8220;yes&#8220;][vc_column_text]Seit ihrer Gr\u00fcndung 2008 beschreitet Data Assessment Solutions neue Wege f\u00fcr die effiziente Nutzung von Skills und Mitarbeiterkapazit\u00e4ten in dynamischen [&hellip;]<\/p>\n","protected":false},"author":1,"featured_media":0,"parent":0,"menu_order":0,"comment_status":"closed","ping_status":"closed","template":"page-no-title","meta":{"inline_featured_image":false,"footnotes":"","_links_to":"","_links_to_target":""},"class_list":["post-30669","page","type-page","status-publish","hentry"],"yoast_head":"<!-- This site is optimized with the Yoast SEO plugin v27.4 - https:\/\/yoast.com\/product\/yoast-seo-wordpress\/ -->\n<title>\u00dcber uns - decidalo<\/title>\n<meta name=\"robots\" content=\"index, follow, max-snippet:-1, max-image-preview:large, max-video-preview:-1\" \/>\n<link rel=\"canonical\" href=\"https:\/\/dedicalo-neu.leineglueck-demo.de\/de\/ueber-uns\/\" \/>\n<meta property=\"og:locale\" content=\"de_DE\" \/>\n<meta property=\"og:type\" content=\"article\" \/>\n<meta property=\"og:title\" content=\"\u00dcber uns - decidalo\" \/>\n<meta property=\"og:description\" content=\"[vc_row full_width=&#8220;stretch_row&#8220; css=&#8220;.vc_custom_1708002632072{padding-top: 10vh !important;padding-bottom: 12vh !important;background-image: url(https:\/\/dedicalo-neu.leineglueck-demo.de\/wp-content\/uploads\/2024\/02\/Design-ohne-Titel110.png?id=32010) !important;background-position: center !important;background-repeat: no-repeat !important;background-size: cover !important;}&#8220;][vc_column][vc_custom_heading text=&#8220;Dynamisch, datengetrieben und GenAI-native&#8220; font_container=&#8220;tag:h1|text_align:left|color:%23ffffff&#8220; use_theme_fonts=&#8220;yes&#8220;][\/vc_column][\/vc_row][vc_row full_width=&#8220;stretch_row&#8220; css=&#8220;.vc_custom_1706885673044{padding-top: 0px !important;padding-bottom: 4vh !important;}&#8220;][vc_column][vc_row_inner equal_height=&#8220;yes&#8220; content_placement=&#8220;middle&#8220; gap=&#8220;35&#8243;][vc_column_inner offset=&#8220;vc_col-xs-12&#8243;][vc_custom_heading text=&#8220;Wer wir sind&#8220; font_container=&#8220;tag:h2|text_align:left|color:%23005a8d&#8220; use_theme_fonts=&#8220;yes&#8220;][vc_column_text]Seit ihrer Gr\u00fcndung 2008 beschreitet Data Assessment Solutions neue Wege f\u00fcr die effiziente Nutzung von Skills und Mitarbeiterkapazit\u00e4ten in dynamischen [&hellip;]\" \/>\n<meta property=\"og:url\" content=\"https:\/\/dedicalo-neu.leineglueck-demo.de\/de\/ueber-uns\/\" \/>\n<meta property=\"og:site_name\" content=\"decidalo\" \/>\n<meta property=\"article:modified_time\" content=\"2025-06-19T16:01:52+00:00\" \/>\n<meta name=\"twitter:card\" content=\"summary_large_image\" \/>\n<meta name=\"twitter:label1\" content=\"Gesch\u00e4tzte Lesezeit\" \/>\n\t<meta name=\"twitter:data1\" content=\"2\u00a0Minuten\" \/>\n<script type=\"application\/ld+json\" class=\"yoast-schema-graph\">{\"@context\":\"https:\\\/\\\/schema.org\",\"@graph\":[{\"@type\":\"WebPage\",\"@id\":\"https:\\\/\\\/dedicalo-neu.leineglueck-demo.de\\\/de\\\/ueber-uns\\\/\",\"url\":\"https:\\\/\\\/dedicalo-neu.leineglueck-demo.de\\\/de\\\/ueber-uns\\\/\",\"name\":\"\u00dcber uns - decidalo\",\"isPartOf\":{\"@id\":\"https:\\\/\\\/dedicalo-neu.leineglueck-demo.de\\\/de\\\/#website\"},\"datePublished\":\"2024-02-01T14:00:47+00:00\",\"dateModified\":\"2025-06-19T16:01:52+00:00\",\"breadcrumb\":{\"@id\":\"https:\\\/\\\/dedicalo-neu.leineglueck-demo.de\\\/de\\\/ueber-uns\\\/#breadcrumb\"},\"inLanguage\":\"de\",\"potentialAction\":[{\"@type\":\"ReadAction\",\"target\":[\"https:\\\/\\\/dedicalo-neu.leineglueck-demo.de\\\/de\\\/ueber-uns\\\/\"]}]},{\"@type\":\"BreadcrumbList\",\"@id\":\"https:\\\/\\\/dedicalo-neu.leineglueck-demo.de\\\/de\\\/ueber-uns\\\/#breadcrumb\",\"itemListElement\":[{\"@type\":\"ListItem\",\"position\":1,\"name\":\"Home\",\"item\":\"https:\\\/\\\/www.dedicalo.com\\\/de\\\/\"},{\"@type\":\"ListItem\",\"position\":2,\"name\":\"\u00dcber uns\"}]},{\"@type\":\"WebSite\",\"@id\":\"https:\\\/\\\/dedicalo-neu.leineglueck-demo.de\\\/de\\\/#website\",\"url\":\"https:\\\/\\\/dedicalo-neu.leineglueck-demo.de\\\/de\\\/\",\"name\":\"decidalo\",\"description\":\"Just another WordPress site\",\"publisher\":{\"@id\":\"https:\\\/\\\/dedicalo-neu.leineglueck-demo.de\\\/de\\\/#organization\"},\"potentialAction\":[{\"@type\":\"SearchAction\",\"target\":{\"@type\":\"EntryPoint\",\"urlTemplate\":\"https:\\\/\\\/dedicalo-neu.leineglueck-demo.de\\\/de\\\/?s={search_term_string}\"},\"query-input\":{\"@type\":\"PropertyValueSpecification\",\"valueRequired\":true,\"valueName\":\"search_term_string\"}}],\"inLanguage\":\"de\"},{\"@type\":\"Organization\",\"@id\":\"https:\\\/\\\/dedicalo-neu.leineglueck-demo.de\\\/de\\\/#organization\",\"name\":\"decidalo\",\"url\":\"https:\\\/\\\/dedicalo-neu.leineglueck-demo.de\\\/de\\\/\",\"logo\":{\"@type\":\"ImageObject\",\"inLanguage\":\"de\",\"@id\":\"https:\\\/\\\/dedicalo-neu.leineglueck-demo.de\\\/de\\\/#\\\/schema\\\/logo\\\/image\\\/\",\"url\":\"https:\\\/\\\/dedicalo-neu.leineglueck-demo.de\\\/wp-content\\\/uploads\\\/2024\\\/01\\\/decidalo-by-das.png\",\"contentUrl\":\"https:\\\/\\\/dedicalo-neu.leineglueck-demo.de\\\/wp-content\\\/uploads\\\/2024\\\/01\\\/decidalo-by-das.png\",\"width\":800,\"height\":165,\"caption\":\"decidalo\"},\"image\":{\"@id\":\"https:\\\/\\\/dedicalo-neu.leineglueck-demo.de\\\/de\\\/#\\\/schema\\\/logo\\\/image\\\/\"}}]}<\/script>\n<!-- \/ Yoast SEO plugin. -->","yoast_head_json":{"title":"\u00dcber uns - decidalo","robots":{"index":"index","follow":"follow","max-snippet":"max-snippet:-1","max-image-preview":"max-image-preview:large","max-video-preview":"max-video-preview:-1"},"canonical":"https:\/\/dedicalo-neu.leineglueck-demo.de\/de\/ueber-uns\/","og_locale":"de_DE","og_type":"article","og_title":"\u00dcber uns - decidalo","og_description":"[vc_row full_width=&#8220;stretch_row&#8220; css=&#8220;.vc_custom_1708002632072{padding-top: 10vh !important;padding-bottom: 12vh !important;background-image: url(https:\/\/dedicalo-neu.leineglueck-demo.de\/wp-content\/uploads\/2024\/02\/Design-ohne-Titel110.png?id=32010) !important;background-position: center !important;background-repeat: no-repeat !important;background-size: cover !important;}&#8220;][vc_column][vc_custom_heading text=&#8220;Dynamisch, datengetrieben und GenAI-native&#8220; font_container=&#8220;tag:h1|text_align:left|color:%23ffffff&#8220; use_theme_fonts=&#8220;yes&#8220;][\/vc_column][\/vc_row][vc_row full_width=&#8220;stretch_row&#8220; css=&#8220;.vc_custom_1706885673044{padding-top: 0px !important;padding-bottom: 4vh !important;}&#8220;][vc_column][vc_row_inner equal_height=&#8220;yes&#8220; content_placement=&#8220;middle&#8220; gap=&#8220;35&#8243;][vc_column_inner offset=&#8220;vc_col-xs-12&#8243;][vc_custom_heading text=&#8220;Wer wir sind&#8220; font_container=&#8220;tag:h2|text_align:left|color:%23005a8d&#8220; use_theme_fonts=&#8220;yes&#8220;][vc_column_text]Seit ihrer Gr\u00fcndung 2008 beschreitet Data Assessment Solutions neue Wege f\u00fcr die effiziente Nutzung von Skills und Mitarbeiterkapazit\u00e4ten in dynamischen [&hellip;]","og_url":"https:\/\/dedicalo-neu.leineglueck-demo.de\/de\/ueber-uns\/","og_site_name":"decidalo","article_modified_time":"2025-06-19T16:01:52+00:00","twitter_card":"summary_large_image","twitter_misc":{"Gesch\u00e4tzte Lesezeit":"2\u00a0Minuten"},"schema":{"@context":"https:\/\/schema.org","@graph":[{"@type":"WebPage","@id":"https:\/\/dedicalo-neu.leineglueck-demo.de\/de\/ueber-uns\/","url":"https:\/\/dedicalo-neu.leineglueck-demo.de\/de\/ueber-uns\/","name":"\u00dcber uns - decidalo","isPartOf":{"@id":"https:\/\/dedicalo-neu.leineglueck-demo.de\/de\/#website"},"datePublished":"2024-02-01T14:00:47+00:00","dateModified":"2025-06-19T16:01:52+00:00","breadcrumb":{"@id":"https:\/\/dedicalo-neu.leineglueck-demo.de\/de\/ueber-uns\/#breadcrumb"},"inLanguage":"de","potentialAction":[{"@type":"ReadAction","target":["https:\/\/dedicalo-neu.leineglueck-demo.de\/de\/ueber-uns\/"]}]},{"@type":"BreadcrumbList","@id":"https:\/\/dedicalo-neu.leineglueck-demo.de\/de\/ueber-uns\/#breadcrumb","itemListElement":[{"@type":"ListItem","position":1,"name":"Home","item":"https:\/\/www.dedicalo.com\/de\/"},{"@type":"ListItem","position":2,"name":"\u00dcber uns"}]},{"@type":"WebSite","@id":"https:\/\/dedicalo-neu.leineglueck-demo.de\/de\/#website","url":"https:\/\/dedicalo-neu.leineglueck-demo.de\/de\/","name":"decidalo","description":"Just another WordPress site","publisher":{"@id":"https:\/\/dedicalo-neu.leineglueck-demo.de\/de\/#organization"},"potentialAction":[{"@type":"SearchAction","target":{"@type":"EntryPoint","urlTemplate":"https:\/\/dedicalo-neu.leineglueck-demo.de\/de\/?s={search_term_string}"},"query-input":{"@type":"PropertyValueSpecification","valueRequired":true,"valueName":"search_term_string"}}],"inLanguage":"de"},{"@type":"Organization","@id":"https:\/\/dedicalo-neu.leineglueck-demo.de\/de\/#organization","name":"decidalo","url":"https:\/\/dedicalo-neu.leineglueck-demo.de\/de\/","logo":{"@type":"ImageObject","inLanguage":"de","@id":"https:\/\/dedicalo-neu.leineglueck-demo.de\/de\/#\/schema\/logo\/image\/","url":"https:\/\/dedicalo-neu.leineglueck-demo.de\/wp-content\/uploads\/2024\/01\/decidalo-by-das.png","contentUrl":"https:\/\/dedicalo-neu.leineglueck-demo.de\/wp-content\/uploads\/2024\/01\/decidalo-by-das.png","width":800,"height":165,"caption":"decidalo"},"image":{"@id":"https:\/\/dedicalo-neu.leineglueck-demo.de\/de\/#\/schema\/logo\/image\/"}}]}},"_links":{"self":[{"href":"https:\/\/dedicalo-neu.leineglueck-demo.de\/de\/wp-json\/wp\/v2\/pages\/30669","targetHints":{"allow":["GET"]}}],"collection":[{"href":"https:\/\/dedicalo-neu.leineglueck-demo.de\/de\/wp-json\/wp\/v2\/pages"}],"about":[{"href":"https:\/\/dedicalo-neu.leineglueck-demo.de\/de\/wp-json\/wp\/v2\/types\/page"}],"author":[{"embeddable":true,"href":"https:\/\/dedicalo-neu.leineglueck-demo.de\/de\/wp-json\/wp\/v2\/users\/1"}],"replies":[{"embeddable":true,"href":"https:\/\/dedicalo-neu.leineglueck-demo.de\/de\/wp-json\/wp\/v2\/comments?post=30669"}],"version-history":[{"count":30,"href":"https:\/\/dedicalo-neu.leineglueck-demo.de\/de\/wp-json\/wp\/v2\/pages\/30669\/revisions"}],"predecessor-version":[{"id":32782,"href":"https:\/\/dedicalo-neu.leineglueck-demo.de\/de\/wp-json\/wp\/v2\/pages\/30669\/revisions\/32782"}],"wp:attachment":[{"href":"https:\/\/dedicalo-neu.leineglueck-demo.de\/de\/wp-json\/wp\/v2\/media?parent=30669"}],"curies":[{"name":"wp","href":"https:\/\/api.w.org\/{rel}","templated":true}]}}