{"id":31819,"date":"2024-02-13T13:54:52","date_gmt":"2024-02-13T13:54:52","guid":{"rendered":"https:\/\/dedicalo-neu.leineglueck-demo.de\/?page_id=31819"},"modified":"2025-06-19T17:57:29","modified_gmt":"2025-06-19T15:57:29","slug":"success-story-software-ag","status":"publish","type":"page","link":"https:\/\/dedicalo-neu.leineglueck-demo.de\/de\/success-story-software-ag\/","title":{"rendered":"Success Software AG"},"content":{"rendered":"<div class=\"wpb-content-wrapper\"><p>[vc_row full_width=&#8220;stretch_row&#8220; css=&#8220;.vc_custom_1707832467166{padding-top: 10vh !important;padding-right: 10vh !important;padding-bottom: 10vh !important;padding-left: 10vh !important;background-image: url(https:\/\/dedicalo-neu.leineglueck-demo.de\/wp-content\/uploads\/2024\/02\/Design-ohne-Titel104.png?id=31821) !important;background-position: center !important;background-repeat: no-repeat !important;background-size: cover !important;}&#8220;][vc_column][vc_empty_space height=&#8220;200px&#8220;][\/vc_column][\/vc_row][vc_row full_width=&#8220;stretch_row&#8220; css=&#8220;.vc_custom_1706885673044{padding-top: 0px !important;padding-bottom: 4vh !important;}&#8220;][vc_column][vc_custom_heading text=&#8220;Ein echter Mehrwert im Vertrieb&#8220; font_container=&#8220;tag:h2|text_align:left|color:%23005a8d&#8220; use_theme_fonts=&#8220;yes&#8220;][vc_row_inner equal_height=&#8220;yes&#8220; content_placement=&#8220;middle&#8220; gap=&#8220;35&#8243;][vc_column_inner offset=&#8220;vc_col-xs-12&#8243;][vc_column_text]Die Software AG (SAG) unterst\u00fctzt seit 1969 mehr als 10.000 Unternehmen dabei, sich durch passende Plattformen zu vernetzen. Um Daten fl\u00fcssig zwischen Menschen, Abteilungen, Systemen und Ger\u00e4ten flie\u00dfen zu lassen, helfen die f\u00fchrenden Produkte aus den Bereichen Integration &amp; API-Management, IoT &amp; Analytics sowie Business Transformation. Software AG Professional Services, bei denen dec\u00eddalo seit 2019 im Einsatz ist, sind auf den Support der eigenen Produkte spezialisiert und stehen im st\u00e4ndigen Austausch mit den Bereichen Forschung und Produktentwicklung.<br \/>\nDas Gesch\u00e4ftsmodell beinhaltet den Verkauf von Software und Beratungsleistungen. Hierf\u00fcr ist es wichtig, die richtigen Consultants mit den passenden Skills schnell zu finden und \u00fcberzeugende CVs zu erstellen.<br \/>\nMit dec\u00eddalo ist der Workflow im Skills- und CV-Management deutlich effizienter geworden. Das hei\u00dft: Weniger administrativer Aufwand, mehr verrechenbare Stunden und ein noch professionellerer Auftritt.[\/vc_column_text][\/vc_column_inner][\/vc_row_inner][\/vc_column][\/vc_row][vc_row full_width=&#8220;stretch_row&#8220; css=&#8220;.vc_custom_1707821209152{padding-top: 0px !important;padding-bottom: 8vh !important;background-color: #f7f7f7 !important;}&#8220;][vc_column][vc_custom_heading text=&#8220;dec\u00eddalo hat \u00fcberzeugt&#8220; font_container=&#8220;tag:h2|text_align:left|color:%23005a8d&#8220; use_theme_fonts=&#8220;yes&#8220;][vc_row_inner][vc_column_inner][vc_column_text]<\/p>\n<div class=\"wpb_text_column wpb_content_element \">\n<div class=\"wpb_wrapper\">\n<p class=\"_04xlpA direction-ltr align-start para-style-body\"><span class=\"WdYUQQ text-decoration-none text-strikethrough-none\">Un\u00fcbersichtliche Ablage von Word-CVs in verschiedenen Versionen, endlose Suche nach Mitarbeitenden mit den richtigen Skills und dadurch vergeudete Arbeitszeit: Das war die Realit\u00e4t im Arbeitsalltag vor der Zusammenarbeit mit Data Assessment Solutions.<br \/>\n<\/span><span class=\"WdYUQQ text-decoration-none text-strikethrough-none\">F\u00fcr die teils mehrj\u00e4hrig angelegten Projekte der SAG Professional <\/span><span class=\"WdYUQQ text-decoration-none text-strikethrough-none\">Services ist ein effektives Skills- und CV-Management unbedingt notwendig. Vor dec\u00eddalo wurden teilweise veraltete CVs verschickt, <\/span><span class=\"WdYUQQ text-decoration-none text-strikethrough-none\">die Suche nach den passenden Mitarbeitenden gestaltete sich schwierig und lief \u00fcber das \u201eWer kennt wen?\u201c-System. <\/span><span class=\"WdYUQQ text-decoration-none text-strikethrough-none\">Nach intensiver Recherche wird Jens Tregel, Head of Regional Resource Management, klar, \u201edass es keine <\/span><span class=\"WdYUQQ text-decoration-none text-strikethrough-none\">\u00e4hnliche L\u00f6sung wie dec\u00eddalo auf dem Markt gibt.\u201c Der Prozess ist mit dec\u00eddalo zu Ende gedacht: Von der Profilpflege \u00fcber die Angebots-erstellung bis hin zum CV-Export wird der gesamte Workflow abgebildet. <\/span><span class=\"WdYUQQ text-decoration-none text-strikethrough-none\">Nicht unerheblich ist au\u00dferdem der Faktor Standort: Als deutscher <\/span><span class=\"WdYUQQ text-decoration-none text-strikethrough-none\">Hersteller kennt sich Data Assessment Solutions mit Mitbestimmungsrechten und Betriebsr\u00e4ten aus. Auch das Datenhosting in Europa kommt gut an.<\/span><\/p>\n<\/div>\n<\/div>\n<p>[\/vc_column_text][vc_separator color=&#8220;custom&#8220; align=&#8220;align_left&#8220; border_width=&#8220;5&#8243; accent_color=&#8220;#fd7303&#8243;][vc_column_text]<\/p>\n<h3><em>\u201eDie M\u00f6glichkeit, systematisch Skill-Gap-Analysen durchzuf\u00fchren, ist wirklich etwas Besonderes auf dem Markt.\u201c<\/em><\/h3>\n<p>[\/vc_column_text][vc_separator color=&#8220;custom&#8220; align=&#8220;align_left&#8220; border_width=&#8220;5&#8243; accent_color=&#8220;#fd7303&#8243;][vc_column_text]<\/p>\n<p>[\/vc_column_text][\/vc_column_inner][\/vc_row_inner][\/vc_column][\/vc_row][vc_row full_width=&#8220;stretch_row&#8220; css=&#8220;.vc_custom_1708442397059{padding-top: 0px !important;padding-bottom: 8vh !important;background-color: #ffffff !important;}&#8220;][vc_column][vc_custom_heading text=&#8220;Mehr Effizienz im Vertrieb&#8220; font_container=&#8220;tag:h2|text_align:left|color:%23005a8d&#8220; use_theme_fonts=&#8220;yes&#8220;][vc_row_inner][vc_column_inner width=&#8220;1\/2&#8243;][vc_column_text]<\/p>\n<div>\n<div>\n<div>\n<div>\n<div>\n<div>\n<p>Vor allem das Skills- und CV-Management hat \u00fcberzeugt, da es dadurch eine merkliche Effizienzsteigerung im Vertrieb gab. \u201eDas war f\u00fcr uns der Door-Opener!\u201d, betont Tregel. Die passenden Consultants werden schneller gefunden und die CVs sind sofort kundenspezifisch angepasst. Denn nicht alle geleisteten Projekte eines Consultants sind f\u00fcr eine neue Ausschreibung interessant. Fr\u00fcher wurden aufgrund von zu hoher Bearbeitungszeit seitenlange Projektlisten mitgeschickt. Das war un\u00fcbersichtlich und unpraktisch.<\/p>\n<\/div>\n<\/div>\n<\/div>\n<\/div>\n<\/div>\n<\/div>\n<p>[\/vc_column_text][\/vc_column_inner][vc_column_inner width=&#8220;1\/2&#8243;][vc_single_image image=&#8220;26308&#8243; img_size=&#8220;large&#8220;][\/vc_column_inner][\/vc_row_inner][vc_row_inner][vc_column_inner][vc_column_text]Die Projekte werden jetzt individuell auf das Wesentliche gek\u00fcrzt. Durch das einheitliche Design der CVs wirkt der gesamte Auftritt professionell und konsistent. Auch bei au\u00dfergew\u00f6hnlichen Skills ist die Suche kein Problem mehr. Wo fr\u00fcher lange nach den richtigen Consultants f\u00fcr ein besonderes Projekt gesucht wurde, ist die Suche heute mit nur wenigen Klicks beendet. \u201eDa waren wir fr\u00fcher echt aufgeschmissen\u201c, erg\u00e4nzt Ines Kr\u00fcger, Specialist Resource Management.[\/vc_column_text][\/vc_column_inner][\/vc_row_inner][\/vc_column][\/vc_row][vc_row full_width=&#8220;stretch_row&#8220; css=&#8220;.vc_custom_1708442403417{padding-top: 3vh !important;padding-bottom: 8vh !important;background-color: #f7f7f7 !important;}&#8220;][vc_column][vc_custom_heading text=&#8220;Skill-Entwicklung&#8220; font_container=&#8220;tag:h2|text_align:left|color:%23005a8d&#8220; use_theme_fonts=&#8220;yes&#8220;][vc_row_inner][vc_column_inner][vc_column_text]Auch die Skill-Entwicklung ist bei SAG ein wichtiges Thema. Wesentlicher Baustein des Skill-Managements ist ein unternehmensweites, fachliches Rollenmodell. Rollen werden anhand von Skill-Profilen definiert. Hierf\u00fcr wird der Rollen-Editor von dec\u00eddalo verwendet. Das Skill-basierte Rollenmodell erm\u00f6glicht systematische Skill-Gap-Analysen und vereinfacht die Auswertung und Skill-Planung. Tregel betont, dass diese Funktion \u201eetwas Besonderes auf dem Markt ist.\u201c Die Weiterentwicklung der Mitarbeitenden kann dadurch stets im Blick behalten werden.[\/vc_column_text][\/vc_column_inner][\/vc_row_inner][\/vc_column][\/vc_row][vc_row full_width=&#8220;stretch_row&#8220; css=&#8220;.vc_custom_1708442411097{padding-top: 0px !important;padding-bottom: 8vh !important;background-color: #ffffff !important;}&#8220;][vc_column][vc_custom_heading text=&#8220;Mehr M\u00f6glichkeiten im Reporting&#8220; font_container=&#8220;tag:h2|text_align:left|color:%23005a8d&#8220; use_theme_fonts=&#8220;yes&#8220;][vc_row_inner][vc_column_inner][vc_column_text]<\/p>\n<div class=\"wpb_text_column wpb_content_element \">\n<div class=\"wpb_wrapper\">\n<p>Auch die Funktion in dec\u00eddalo, Reports selbst zu designen wird von Jens Tregel hervorgehoben. Mit dem Reporting-Framework von dec\u00eddalo k\u00f6nnen individuelle Reports erstellt und den Usern bereitgestellt werden. \u00dcber das Berechtigungskonzept von dec\u00eddalo wird gesteuert, welche User-gruppen auf welche Reports Zugriff erhalten. Seit kurzem nutzt die SAG Professionell Services unsere neue Power BI Integration. Dadurch haben sich die Darstellungsm\u00f6glichkeiten der Daten zus\u00e4tzlich verbessert. Vor allem in der Analyse von Skills und Rollen helfen die erweiterten Auswertungsm\u00f6glichkeiten enorm. Wie sind die verschiedenen Rollen im Unternehmen verteilt? Welche f\u00fcr die Rolle erforderlichen Skills werden erf\u00fcllt? Welche fehlen h\u00e4ufig? Insgesamt werden etwa zehn verschiedene Reports aus dec\u00eddalo in Power BI kombiniert. Die Integration mit Power BI liefert SAG wichtige Informationen und spart Zeit f\u00fcr die Erstellung von Analysen und Dashboards.<\/p>\n<\/div>\n<\/div>\n<div class=\"vcex-spacing wpex-w-100 wpex-clear\"><\/div>\n<p>[\/vc_column_text][\/vc_column_inner][\/vc_row_inner][\/vc_column][\/vc_row][vc_row full_width=&#8220;stretch_row&#8220; css=&#8220;.vc_custom_1708442417865{padding-top: 3vh !important;padding-bottom: 8vh !important;background-color: #f7f7f7 !important;}&#8220;][vc_column][vc_row_inner][vc_column_inner width=&#8220;1\/2&#8243;][vc_single_image image=&#8220;32432&#8243; img_size=&#8220;large&#8220; onclick=&#8220;custom_link&#8220; img_link_target=&#8220;_blank&#8220; link=&#8220;https:\/\/dedicalo-neu.leineglueck-demo.de\/wp-content\/uploads\/2024\/02\/SAG-Success-Story-DE-1.pdf&#8220;][\/vc_column_inner][vc_column_inner width=&#8220;1\/2&#8243;][vc_custom_heading text=&#8220;Erfolgreiche Zusammenarbeit&#8220; font_container=&#8220;tag:h2|text_align:left|color:%23005a8d&#8220; use_theme_fonts=&#8220;yes&#8220;][vc_column_text]Durch die Einf\u00fchrung von dec\u00eddalo konnten Word und Excel f\u00fcr das CV-Management abgel\u00f6st werden. F\u00fcr den Vertrieb schafft dec\u00eddalo einen echten Mehrwert: Die t\u00e4gliche Arbeit ist deutlich effizienter geworden. CVs sind einheitlich, professionell und stets kundenspezifisch angepasst. Die SAG Professionell Services sch\u00e4tzt die gute Zusammenarbeit mit dem Team von Data Assessment Solutions und die Einzigartigkeit der Software dec\u00eddalo.[\/vc_column_text][\/vc_column_inner][\/vc_row_inner][\/vc_column][\/vc_row][vc_row full_width=&#8220;stretch_row_content_no_spaces&#8220; css=&#8220;.vc_custom_1706885629015{padding-top: 0px !important;padding-bottom: 0px !important;background-image: url(https:\/\/dedicalo-neu.leineglueck-demo.de\/wp-content\/uploads\/2024\/01\/CTA-backgorund-2.jpg?id=29455) !important;background-position: center !important;background-repeat: no-repeat !important;background-size: cover !important;}&#8220; el_class=&#8220;cta-section&#8220;][vc_column width=&#8220;1\/2&#8243; offset=&#8220;vc_col-lg-7 vc_col-md-7 vc_col-xs-12 vc_hidden-xs&#8220;][\/vc_column][vc_column width=&#8220;1\/2&#8243; css=&#8220;.vc_custom_1706560112265{padding-top: 10vh !important;padding-bottom: 10vh !important;background-color: rgba(253,115,3,0.65) !important;background-position: center !important;background-repeat: no-repeat !important;background-size: cover !important;*background-color: rgb(253,115,3) !important;}&#8220; el_class=&#8220;cta-orange&#8220; offset=&#8220;vc_col-lg-5 vc_col-md-5 vc_col-xs-12&#8243;][vc_custom_heading text=&#8220;Keine Features mehr verpassen?<br \/>\nHier f\u00fcr unseren Newsletter anmelden!&#8220; font_container=&#8220;tag:h2|text_align:left|color:%23ffffff&#8220; use_theme_fonts=&#8220;yes&#8220;][vc_btn title=&#8220;Kontakt aufnehmen&#8220; style=&#8220;flat&#8220; shape=&#8220;round&#8220; color=&#8220;white&#8220; size=&#8220;lg&#8220; align=&#8220;left&#8220; link=&#8220;url:%2Fde%2Fkontakt%2F|title:Kontakt&#8220;][\/vc_column][\/vc_row]<\/p>\n<\/div>","protected":false},"excerpt":{"rendered":"<p>[vc_row full_width=&#8220;stretch_row&#8220; css=&#8220;.vc_custom_1707832467166{padding-top: 10vh !important;padding-right: 10vh !important;padding-bottom: 10vh !important;padding-left: 10vh !important;background-image: url(https:\/\/dedicalo-neu.leineglueck-demo.de\/wp-content\/uploads\/2024\/02\/Design-ohne-Titel104.png?id=31821) !important;background-position: center !important;background-repeat: no-repeat !important;background-size: cover !important;}&#8220;][vc_column][vc_empty_space height=&#8220;200px&#8220;][\/vc_column][\/vc_row][vc_row full_width=&#8220;stretch_row&#8220; css=&#8220;.vc_custom_1706885673044{padding-top: 0px !important;padding-bottom: 4vh !important;}&#8220;][vc_column][vc_custom_heading text=&#8220;Ein echter Mehrwert im Vertrieb&#8220; font_container=&#8220;tag:h2|text_align:left|color:%23005a8d&#8220; use_theme_fonts=&#8220;yes&#8220;][vc_row_inner equal_height=&#8220;yes&#8220; content_placement=&#8220;middle&#8220; gap=&#8220;35&#8243;][vc_column_inner offset=&#8220;vc_col-xs-12&#8243;][vc_column_text]Die Software AG (SAG) unterst\u00fctzt seit 1969 mehr als 10.000 Unternehmen dabei, sich durch passende Plattformen zu vernetzen. Um [&hellip;]<\/p>\n","protected":false},"author":1,"featured_media":0,"parent":0,"menu_order":0,"comment_status":"closed","ping_status":"closed","template":"page-no-title","meta":{"inline_featured_image":false,"footnotes":"","_links_to":"","_links_to_target":""},"class_list":["post-31819","page","type-page","status-publish","hentry"],"yoast_head":"<!-- This site is optimized with the Yoast SEO plugin v27.4 - https:\/\/yoast.com\/product\/yoast-seo-wordpress\/ -->\n<title>Success Software AG - decidalo<\/title>\n<meta name=\"robots\" content=\"index, follow, max-snippet:-1, max-image-preview:large, max-video-preview:-1\" \/>\n<link rel=\"canonical\" href=\"https:\/\/dedicalo-neu.leineglueck-demo.de\/de\/success-story-software-ag\/\" \/>\n<meta property=\"og:locale\" content=\"de_DE\" \/>\n<meta property=\"og:type\" content=\"article\" \/>\n<meta property=\"og:title\" content=\"Success Software AG - decidalo\" \/>\n<meta property=\"og:description\" content=\"[vc_row full_width=&#8220;stretch_row&#8220; css=&#8220;.vc_custom_1707832467166{padding-top: 10vh !important;padding-right: 10vh !important;padding-bottom: 10vh !important;padding-left: 10vh !important;background-image: url(https:\/\/dedicalo-neu.leineglueck-demo.de\/wp-content\/uploads\/2024\/02\/Design-ohne-Titel104.png?id=31821) !important;background-position: center !important;background-repeat: no-repeat !important;background-size: cover !important;}&#8220;][vc_column][vc_empty_space height=&#8220;200px&#8220;][\/vc_column][\/vc_row][vc_row full_width=&#8220;stretch_row&#8220; css=&#8220;.vc_custom_1706885673044{padding-top: 0px !important;padding-bottom: 4vh !important;}&#8220;][vc_column][vc_custom_heading text=&#8220;Ein echter Mehrwert im Vertrieb&#8220; font_container=&#8220;tag:h2|text_align:left|color:%23005a8d&#8220; use_theme_fonts=&#8220;yes&#8220;][vc_row_inner equal_height=&#8220;yes&#8220; content_placement=&#8220;middle&#8220; gap=&#8220;35&#8243;][vc_column_inner offset=&#8220;vc_col-xs-12&#8243;][vc_column_text]Die Software AG (SAG) unterst\u00fctzt seit 1969 mehr als 10.000 Unternehmen dabei, sich durch passende Plattformen zu vernetzen. Um [&hellip;]\" \/>\n<meta property=\"og:url\" content=\"https:\/\/dedicalo-neu.leineglueck-demo.de\/de\/success-story-software-ag\/\" \/>\n<meta property=\"og:site_name\" content=\"decidalo\" \/>\n<meta property=\"article:modified_time\" content=\"2025-06-19T15:57:29+00:00\" \/>\n<meta name=\"twitter:card\" content=\"summary_large_image\" \/>\n<meta name=\"twitter:label1\" content=\"Gesch\u00e4tzte Lesezeit\" \/>\n\t<meta name=\"twitter:data1\" content=\"4\u00a0Minuten\" \/>\n<script type=\"application\/ld+json\" class=\"yoast-schema-graph\">{\"@context\":\"https:\\\/\\\/schema.org\",\"@graph\":[{\"@type\":\"WebPage\",\"@id\":\"https:\\\/\\\/dedicalo-neu.leineglueck-demo.de\\\/de\\\/success-story-software-ag\\\/\",\"url\":\"https:\\\/\\\/dedicalo-neu.leineglueck-demo.de\\\/de\\\/success-story-software-ag\\\/\",\"name\":\"Success Software AG - decidalo\",\"isPartOf\":{\"@id\":\"https:\\\/\\\/dedicalo-neu.leineglueck-demo.de\\\/de\\\/#website\"},\"datePublished\":\"2024-02-13T13:54:52+00:00\",\"dateModified\":\"2025-06-19T15:57:29+00:00\",\"breadcrumb\":{\"@id\":\"https:\\\/\\\/dedicalo-neu.leineglueck-demo.de\\\/de\\\/success-story-software-ag\\\/#breadcrumb\"},\"inLanguage\":\"de\",\"potentialAction\":[{\"@type\":\"ReadAction\",\"target\":[\"https:\\\/\\\/dedicalo-neu.leineglueck-demo.de\\\/de\\\/success-story-software-ag\\\/\"]}]},{\"@type\":\"BreadcrumbList\",\"@id\":\"https:\\\/\\\/dedicalo-neu.leineglueck-demo.de\\\/de\\\/success-story-software-ag\\\/#breadcrumb\",\"itemListElement\":[{\"@type\":\"ListItem\",\"position\":1,\"name\":\"Home\",\"item\":\"https:\\\/\\\/www.dedicalo.com\\\/de\\\/\"},{\"@type\":\"ListItem\",\"position\":2,\"name\":\"Success Software AG\"}]},{\"@type\":\"WebSite\",\"@id\":\"https:\\\/\\\/dedicalo-neu.leineglueck-demo.de\\\/de\\\/#website\",\"url\":\"https:\\\/\\\/dedicalo-neu.leineglueck-demo.de\\\/de\\\/\",\"name\":\"decidalo\",\"description\":\"Just another WordPress site\",\"publisher\":{\"@id\":\"https:\\\/\\\/dedicalo-neu.leineglueck-demo.de\\\/de\\\/#organization\"},\"potentialAction\":[{\"@type\":\"SearchAction\",\"target\":{\"@type\":\"EntryPoint\",\"urlTemplate\":\"https:\\\/\\\/dedicalo-neu.leineglueck-demo.de\\\/de\\\/?s={search_term_string}\"},\"query-input\":{\"@type\":\"PropertyValueSpecification\",\"valueRequired\":true,\"valueName\":\"search_term_string\"}}],\"inLanguage\":\"de\"},{\"@type\":\"Organization\",\"@id\":\"https:\\\/\\\/dedicalo-neu.leineglueck-demo.de\\\/de\\\/#organization\",\"name\":\"decidalo\",\"url\":\"https:\\\/\\\/dedicalo-neu.leineglueck-demo.de\\\/de\\\/\",\"logo\":{\"@type\":\"ImageObject\",\"inLanguage\":\"de\",\"@id\":\"https:\\\/\\\/dedicalo-neu.leineglueck-demo.de\\\/de\\\/#\\\/schema\\\/logo\\\/image\\\/\",\"url\":\"https:\\\/\\\/dedicalo-neu.leineglueck-demo.de\\\/wp-content\\\/uploads\\\/2024\\\/01\\\/decidalo-by-das.png\",\"contentUrl\":\"https:\\\/\\\/dedicalo-neu.leineglueck-demo.de\\\/wp-content\\\/uploads\\\/2024\\\/01\\\/decidalo-by-das.png\",\"width\":800,\"height\":165,\"caption\":\"decidalo\"},\"image\":{\"@id\":\"https:\\\/\\\/dedicalo-neu.leineglueck-demo.de\\\/de\\\/#\\\/schema\\\/logo\\\/image\\\/\"}}]}<\/script>\n<!-- \/ Yoast SEO plugin. -->","yoast_head_json":{"title":"Success Software AG - decidalo","robots":{"index":"index","follow":"follow","max-snippet":"max-snippet:-1","max-image-preview":"max-image-preview:large","max-video-preview":"max-video-preview:-1"},"canonical":"https:\/\/dedicalo-neu.leineglueck-demo.de\/de\/success-story-software-ag\/","og_locale":"de_DE","og_type":"article","og_title":"Success Software AG - decidalo","og_description":"[vc_row full_width=&#8220;stretch_row&#8220; css=&#8220;.vc_custom_1707832467166{padding-top: 10vh !important;padding-right: 10vh !important;padding-bottom: 10vh !important;padding-left: 10vh !important;background-image: url(https:\/\/dedicalo-neu.leineglueck-demo.de\/wp-content\/uploads\/2024\/02\/Design-ohne-Titel104.png?id=31821) !important;background-position: center !important;background-repeat: no-repeat !important;background-size: cover !important;}&#8220;][vc_column][vc_empty_space height=&#8220;200px&#8220;][\/vc_column][\/vc_row][vc_row full_width=&#8220;stretch_row&#8220; css=&#8220;.vc_custom_1706885673044{padding-top: 0px !important;padding-bottom: 4vh !important;}&#8220;][vc_column][vc_custom_heading text=&#8220;Ein echter Mehrwert im Vertrieb&#8220; font_container=&#8220;tag:h2|text_align:left|color:%23005a8d&#8220; use_theme_fonts=&#8220;yes&#8220;][vc_row_inner equal_height=&#8220;yes&#8220; content_placement=&#8220;middle&#8220; gap=&#8220;35&#8243;][vc_column_inner offset=&#8220;vc_col-xs-12&#8243;][vc_column_text]Die Software AG (SAG) unterst\u00fctzt seit 1969 mehr als 10.000 Unternehmen dabei, sich durch passende Plattformen zu vernetzen. Um [&hellip;]","og_url":"https:\/\/dedicalo-neu.leineglueck-demo.de\/de\/success-story-software-ag\/","og_site_name":"decidalo","article_modified_time":"2025-06-19T15:57:29+00:00","twitter_card":"summary_large_image","twitter_misc":{"Gesch\u00e4tzte Lesezeit":"4\u00a0Minuten"},"schema":{"@context":"https:\/\/schema.org","@graph":[{"@type":"WebPage","@id":"https:\/\/dedicalo-neu.leineglueck-demo.de\/de\/success-story-software-ag\/","url":"https:\/\/dedicalo-neu.leineglueck-demo.de\/de\/success-story-software-ag\/","name":"Success Software AG - decidalo","isPartOf":{"@id":"https:\/\/dedicalo-neu.leineglueck-demo.de\/de\/#website"},"datePublished":"2024-02-13T13:54:52+00:00","dateModified":"2025-06-19T15:57:29+00:00","breadcrumb":{"@id":"https:\/\/dedicalo-neu.leineglueck-demo.de\/de\/success-story-software-ag\/#breadcrumb"},"inLanguage":"de","potentialAction":[{"@type":"ReadAction","target":["https:\/\/dedicalo-neu.leineglueck-demo.de\/de\/success-story-software-ag\/"]}]},{"@type":"BreadcrumbList","@id":"https:\/\/dedicalo-neu.leineglueck-demo.de\/de\/success-story-software-ag\/#breadcrumb","itemListElement":[{"@type":"ListItem","position":1,"name":"Home","item":"https:\/\/www.dedicalo.com\/de\/"},{"@type":"ListItem","position":2,"name":"Success Software AG"}]},{"@type":"WebSite","@id":"https:\/\/dedicalo-neu.leineglueck-demo.de\/de\/#website","url":"https:\/\/dedicalo-neu.leineglueck-demo.de\/de\/","name":"decidalo","description":"Just another WordPress site","publisher":{"@id":"https:\/\/dedicalo-neu.leineglueck-demo.de\/de\/#organization"},"potentialAction":[{"@type":"SearchAction","target":{"@type":"EntryPoint","urlTemplate":"https:\/\/dedicalo-neu.leineglueck-demo.de\/de\/?s={search_term_string}"},"query-input":{"@type":"PropertyValueSpecification","valueRequired":true,"valueName":"search_term_string"}}],"inLanguage":"de"},{"@type":"Organization","@id":"https:\/\/dedicalo-neu.leineglueck-demo.de\/de\/#organization","name":"decidalo","url":"https:\/\/dedicalo-neu.leineglueck-demo.de\/de\/","logo":{"@type":"ImageObject","inLanguage":"de","@id":"https:\/\/dedicalo-neu.leineglueck-demo.de\/de\/#\/schema\/logo\/image\/","url":"https:\/\/dedicalo-neu.leineglueck-demo.de\/wp-content\/uploads\/2024\/01\/decidalo-by-das.png","contentUrl":"https:\/\/dedicalo-neu.leineglueck-demo.de\/wp-content\/uploads\/2024\/01\/decidalo-by-das.png","width":800,"height":165,"caption":"decidalo"},"image":{"@id":"https:\/\/dedicalo-neu.leineglueck-demo.de\/de\/#\/schema\/logo\/image\/"}}]}},"_links":{"self":[{"href":"https:\/\/dedicalo-neu.leineglueck-demo.de\/de\/wp-json\/wp\/v2\/pages\/31819","targetHints":{"allow":["GET"]}}],"collection":[{"href":"https:\/\/dedicalo-neu.leineglueck-demo.de\/de\/wp-json\/wp\/v2\/pages"}],"about":[{"href":"https:\/\/dedicalo-neu.leineglueck-demo.de\/de\/wp-json\/wp\/v2\/types\/page"}],"author":[{"embeddable":true,"href":"https:\/\/dedicalo-neu.leineglueck-demo.de\/de\/wp-json\/wp\/v2\/users\/1"}],"replies":[{"embeddable":true,"href":"https:\/\/dedicalo-neu.leineglueck-demo.de\/de\/wp-json\/wp\/v2\/comments?post=31819"}],"version-history":[{"count":12,"href":"https:\/\/dedicalo-neu.leineglueck-demo.de\/de\/wp-json\/wp\/v2\/pages\/31819\/revisions"}],"predecessor-version":[{"id":34278,"href":"https:\/\/dedicalo-neu.leineglueck-demo.de\/de\/wp-json\/wp\/v2\/pages\/31819\/revisions\/34278"}],"wp:attachment":[{"href":"https:\/\/dedicalo-neu.leineglueck-demo.de\/de\/wp-json\/wp\/v2\/media?parent=31819"}],"curies":[{"name":"wp","href":"https:\/\/api.w.org\/{rel}","templated":true}]}}