{"id":32064,"date":"2024-02-16T10:58:01","date_gmt":"2024-02-16T10:58:01","guid":{"rendered":"https:\/\/dedicalo-neu.leineglueck-demo.de\/?page_id=32064"},"modified":"2025-06-19T17:55:52","modified_gmt":"2025-06-19T15:55:52","slug":"success-story-arcondis","status":"publish","type":"page","link":"https:\/\/dedicalo-neu.leineglueck-demo.de\/de\/success-story-arcondis\/","title":{"rendered":"Success Story Arcondis"},"content":{"rendered":"<div class=\"wpb-content-wrapper\"><p>[vc_row full_width=&#8220;stretch_row&#8220; css=&#8220;.vc_custom_1708085889046{padding-top: 10vh !important;padding-right: 10vh !important;padding-bottom: 10vh !important;padding-left: 10vh !important;background-image: url(https:\/\/dedicalo-neu.leineglueck-demo.de\/wp-content\/uploads\/2024\/02\/arcodnis.jpg?id=32069) !important;background-position: center !important;background-repeat: no-repeat !important;background-size: cover !important;}&#8220;][vc_column][vc_empty_space height=&#8220;200px&#8220;][\/vc_column][\/vc_row][vc_row full_width=&#8220;stretch_row&#8220; css=&#8220;.vc_custom_1706885673044{padding-top: 0px !important;padding-bottom: 4vh !important;}&#8220;][vc_column][vc_custom_heading text=&#8220;Schnellere Vetriebsprozesse mit dec\u00eddalo&#8220; font_container=&#8220;tag:h2|text_align:left|color:%23005a8d&#8220; use_theme_fonts=&#8220;yes&#8220;][vc_row_inner equal_height=&#8220;yes&#8220; content_placement=&#8220;middle&#8220; gap=&#8220;35&#8243;][vc_column_inner offset=&#8220;vc_col-xs-12&#8243;][vc_column_text]<span style=\"color: #005a8d;\">Arcondis ist ein globales Beratungsunternehmen, das sich ausschlie\u00dflich auf die Gesundheits- und Life-Science-Branche mit ihren speziell hohen Anforderungen an Qualit\u00e4t und Regulatory Affairs konzentriert. Seit 2001 managen sie f\u00fcr ihre Kunden Herausforderungen und l\u00f6sen Probleme in den Bereichen Compliance, Prozesse, Informationstechnologie und digitale Transformation. Arcondis schafft Mehrwert durch funktions\u00fcbergreifende, ausgefeilte Projektabwicklung und intelligente Implementierung. Das Unternehmen w\u00e4chst durchschnittlich mit 20% pro Jahr und hat in den 21 Jahren seines Bestehens tiefe Branchenexpertise aufgebaut. Um die vorhandenen Skills und Erfahrungen effizient zu managen und zu vermarkten, wurde dec\u00eddalo von Data Assessment Solutions eingef\u00fchrt.<\/span>[\/vc_column_text][\/vc_column_inner][\/vc_row_inner][\/vc_column][\/vc_row][vc_row full_width=&#8220;stretch_row&#8220; css=&#8220;.vc_custom_1707821271267{padding-top: 0px !important;padding-bottom: 8vh !important;background-color: #f7f7f7 !important;}&#8220;][vc_column][vc_custom_heading text=&#8220;Flexibilit\u00e4t&#8220; font_container=&#8220;tag:h2|text_align:left|color:%23005a8d&#8220; use_theme_fonts=&#8220;yes&#8220;][vc_row_inner][vc_column_inner width=&#8220;1\/2&#8243;][vc_column_text]<\/p>\n<div>\n<div>\n<div>\n<div>\n<div>\n<p>Zu den Kunden von Arcondis z\u00e4hlen 150 globale Unternehmen der Life-Sciences-Industrie, darunter weltweit f\u00fchrende Pharmaunternehmen und Medizintechnikanbieter. Das Beratungsangebot des Unternehmens unterteilt sich in vier Gesch\u00e4ftsfelder:<\/p>\n<p>Technology Services<\/p>\n<p>Compliance Services<\/p>\n<p>Business Services<\/p>\n<p>Engagement Services<\/p>\n<\/div>\n<\/div>\n<\/div>\n<\/div>\n<\/div>\n<p>[\/vc_column_text][\/vc_column_inner][vc_column_inner width=&#8220;1\/2&#8243;][vc_single_image image=&#8220;23708&#8243; img_size=&#8220;large&#8220;][\/vc_column_inner][\/vc_row_inner][vc_row_inner][vc_column_inner][vc_column_text]Eine der Besonderheiten der Life-Sciences-Branche sind die strengen regulatorischen Anforderungen. Vertrautheit mit den g\u00fcltigen gesetzlichen Vorgaben, Standards und Normen sind die Grundvoraussetzung f\u00fcr alle vier Gesch\u00e4ftsfelder. Dies spiegelt sich in den Skill-Sets der Berater*innen wider. Alle Arcondis-Consultants verf\u00fcgen \u00fcber umfassende, praktische Branchenerfahrung im Bereich Life Sciences. Die \u00fcber 150 Mitarbeitenden kommen aus verschiedenen akademischen Fachrichtungen, unter anderem Biotechnologie, Pharmazie und Wirtschaftsinformatik.[\/vc_column_text][\/vc_column_inner][\/vc_row_inner][\/vc_column][\/vc_row][vc_row full_width=&#8220;stretch_row&#8220; css=&#8220;.vc_custom_1707821209152{padding-top: 0px !important;padding-bottom: 8vh !important;background-color: #f7f7f7 !important;}&#8220;][vc_column][vc_custom_heading text=&#8220;Geschwindigkeit und Qualit\u00e4t vereinen&#8220; font_container=&#8220;tag:h2|text_align:left|color:%23005a8d&#8220; use_theme_fonts=&#8220;yes&#8220;][vc_row_inner][vc_column_inner][vc_column_text]<\/p>\n<div class=\"vc_row wpb_row vc_inner vc_row-fluid\">\n<div class=\"wpb_column vc_column_container vc_col-sm-12\">\n<div class=\"vc_column-inner\">\n<div class=\"wpb_wrapper\">\n<div class=\"wpb_text_column wpb_content_element \">\n<div class=\"wpb_text_column wpb_content_element \">\n<div class=\"wpb_wrapper\">\n<p>Arcondis \u00fcberzeugt seine Kunden durch spezifische, fachliche Expertise. Die Darstellung der vorhandenen Erfahrungen und Skills sind ein wesentlicher Bestandteil des Vertriebsprozesses. Die CVs der Berater*innen spielen dabei eine entscheidende Rolle. Bei Projektanfragen m\u00fcssen passende Berater*innenprofile m\u00f6glichst sofort versendet werden \u2013 Zeit ist Geld. Trotzdem will man die Kunden individuell ansprechen und besonders relevante Punkte hervorheben. Einige Kunden geben zudem eigene CV-Templates vor. Ohne ein geeignetes Tool kosten diese Anpassungen Zeit und bremsen den Vertriebsprozess.<\/p>\n<p>Der Konflikt zwischen Geschwindigkeit und CV-Qualit\u00e4t lie\u00df sich mit der bestehenden L\u00f6sung \u2013 einer Eigenentwicklung basierend auf Word-CVs in SharePoint \u2013 nicht aufl\u00f6sen. Schon die Pflege des eigenen Profils war f\u00fcr die Berater*innen m\u00fchsam. Einheitliche Templates und Standards lie\u00dfen sich nicht durchsetzen.<\/p>\n<p>Das dynamische Unternehmenswachstum verst\u00e4rkte das Problem. Mit steigender Anzahl an Berater*innen und Projektanfragen wurde es zunehmend aufw\u00e4ndiger, qualitativ hochwertige Profile kurzfristig bereitzustellen. Schon die Suche nach passenden Profilen war m\u00fchsam.<\/p>\n<p>Die Arcondis AG verf\u00fcgt neben dem Stammsitz in der Schweiz \u00fcber Landesgesellschaften in Deutschland, den USA, Singapur und der Slowakei. Dies erfordert die Bereitstellung von kundenspezifisch angepassten CVs. Abh\u00e4ngig von der Vertriebssituation werden Kurzprofile in PowerPoint oder ausf\u00fchrliche Lebensl\u00e4ufe verwendet. Bei gro\u00dfen Bestandskunden kommen zudem kundenspezifische Templates zum Einsatz. Dies alles lie\u00df sich mit der Sharepoint-L\u00f6sung nicht automatisieren und erzeugte erheblichen Aufwand.<\/p>\n<\/div>\n<\/div>\n<\/div>\n<\/div>\n<\/div>\n<\/div>\n<\/div>\n<p>[\/vc_column_text][\/vc_column_inner][\/vc_row_inner][\/vc_column][\/vc_row][vc_row full_width=&#8220;stretch_row&#8220; css=&#8220;.vc_custom_1708079690259{padding-top: 0px !important;padding-bottom: 8vh !important;background-color: #ffffff !important;}&#8220;][vc_column][vc_custom_heading text=&#8220;Von Branchenexperten f\u00fcr Branchenexperten&#8220; font_container=&#8220;tag:h2|text_align:left|color:%23005a8d&#8220; use_theme_fonts=&#8220;yes&#8220;][vc_row_inner][vc_column_inner width=&#8220;1\/2&#8243;][vc_single_image image=&#8220;23716&#8243; img_size=&#8220;large&#8220;][\/vc_column_inner][vc_column_inner width=&#8220;1\/2&#8243;][vc_column_text]Arcondis beschloss daher, die Eigenentwicklung durch die Standardl\u00f6sung dec\u00eddalo von Data Assessment Solutions (DAS) abzul\u00f6sen. Wie Arcondis hat sich auch DAS auf eine Branche spezialisiert \u2013 die Consulting-Branche. Durch die Einf\u00fchrung von dec\u00eddalo wurden nicht nur Geschwindigkeit und Effizienz wesentlich erh\u00f6ht, sondern auch die Qualit\u00e4t von den CVs der Berater*innen. F\u00fcr die Mitarbeitenden hat sich der Pflegeaufwand deutlich reduziert. Berater*innen m\u00fcssen sich nicht mehr um Formatierung und Layout k\u00fcmmern.[\/vc_column_text][\/vc_column_inner][\/vc_row_inner][vc_row_inner][vc_column_inner][vc_column_text]Heute k\u00f6nnen Profile auf Knopfdruck in sieben verschiedenen Templates \u2013 als Langversion in Word oder PDF oder als Einseiter in PowerPoint \u2013 ausgegeben werden. Der manuelle Aufwand f\u00fcr die \u00dcbertragung von Profilen in andere Formate entf\u00e4llt komplett. Im Durchschnitt verf\u00fcgt jede*r Arcondis-Berater*in \u00fcber f\u00fcnf Zertifizierungen und mindestens eine Ver\u00f6ffentlichung. Dieser hohe Qualifizierungsstand spiegelt sich auch in den umfassenden Skills, Branchen- und Projekterfahrungen wider. In der alten Word SharePoint-L\u00f6sung war schon das Auffinden der passenden Kandidat*innen mit der richtigen Kombination aus Zertifikaten, Skills und Erfahrungen m\u00fchsam. Mit dec\u00eddalo ist es jetzt ein Kinderspiel. Wie dynamisch sich das CV-Management mit dec\u00eddalo entwickelt, l\u00e4sst sich an den Nutzungsstatistiken ablesen. 2019 wurden f\u00fcr 124 User 534 CV-Versionen erstellt und 1.485 CVs heruntergeladen. 2020 waren es \u00fcber 2.200 CV-Downloads.[\/vc_column_text][\/vc_column_inner][\/vc_row_inner][\/vc_column][\/vc_row][vc_row full_width=&#8220;stretch_row&#8220; css=&#8220;.vc_custom_1708087814846{padding-top: 3vh !important;padding-bottom: 8vh !important;background-color: #f7f7f7 !important;}&#8220;][vc_column][vc_custom_heading text=&#8220;Aktive Mitgestaltung&#8220; font_container=&#8220;tag:h2|text_align:left|color:%23005a8d&#8220; use_theme_fonts=&#8220;yes&#8220;][vc_row_inner][vc_column_inner width=&#8220;1\/2&#8243;][vc_single_image image=&#8220;32074&#8243; img_size=&#8220;large&#8220;][\/vc_column_inner][vc_column_inner width=&#8220;1\/2&#8243;][vc_column_text]<\/p>\n<div>\n<div>\n<div>\n<div>\n<div>\n<div>\n<p>Durch die intensive Nutzung von dec\u00eddalo hat Arcondis aktiv zur Weiterentwicklung der Software beigetragen. So geht das Testimonials-Feature auf eine Anforderung von Arcondis zur\u00fcck. Zufriedene Kunden und positives Feedback sind die beste Werbung. Das gilt auch f\u00fcr Berater*innen. Warum also nicht Kundenstimmen in die CVs aufnehmen? Mit dec\u00eddalo lassen sich Kundenfeedbacks f\u00fcr alle Berater*innen hinterlegen. Bei der Generierung eines CVs werden passende Zitate f\u00fcr die jeweilige Angebotssituation ausgew\u00e4hlt. Dies gibt nochmal ein anderes Bild und untermauert die Kompetenz des Consultants.<\/p>\n<p>F\u00fcr Arcondis ist ein Hauptvorteil von dec\u00eddalo die schnelle Verf\u00fcgbarkeit angebotsspezifischer CVs. Die einfache Suche \u00fcber Skills, Zertifikate und Projekterfahrungen erm\u00f6glicht es, schnell die richtigen Kandidat*innen zu identifizieren. Die angebotsspezifische Anpassung auf das Wording des Kunden und die Hervorhebung der relevanten Erfahrungen und Kenntnisse erfolgt direkt in dec\u00eddalo. Diese Versionen werden automatisch mit dem Profil aktualisiert und k\u00f6nnen jederzeit wiederverwendet werden.<\/p>\n<\/div>\n<\/div>\n<\/div>\n<\/div>\n<\/div>\n<\/div>\n<p>[\/vc_column_text][\/vc_column_inner][\/vc_row_inner][vc_row_inner][vc_column_inner][vc_column_text]Mit dec\u00eddalo hat Arcondis Transparenz \u00fcber die vorhandenen Skills und Erfahrungen geschaffen. Alle Mitarbeitenden haben Zugriff auf die Suchfunktion und finden schnell die richtigen Expert*innen f\u00fcr die Fragestellung. Identifiziert ein Consultant bei einem Kunden zus\u00e4tzlichen Beratungsbedarf in einem speziellen Gebiet, k\u00f6nnen in dec\u00eddalo die richtigen Kolleg*innen identifiziert werden, um diesen Bedarf zu adressieren.[\/vc_column_text][\/vc_column_inner][\/vc_row_inner][\/vc_column][\/vc_row][vc_row full_width=&#8220;stretch_row&#8220; css=&#8220;.vc_custom_1708352775469{padding-top: 3vh !important;padding-bottom: 8vh !important;background-color: #ffffff !important;}&#8220;][vc_column][vc_custom_heading text=&#8220;\u00dcber Arcondis&#8220; font_container=&#8220;tag:h2|text_align:left|color:%23005a8d&#8220; use_theme_fonts=&#8220;yes&#8220;][vc_row_inner][vc_column_inner width=&#8220;1\/2&#8243;][vc_column_text]Arcondis ist ein globales Beratungsunternehmen, das sich ausschlie\u00dflich auf die Gesundheits- und LifeScience-Branche mit ihren speziell hohen Anforderungen an Qualit\u00e4t und Regulatory Affairs konzentriert. In den 21 Jahren seines Bestehens hat das Unternehmen mehr als 2.500 Projekte bei \u00fcber 150 Kunden durchgef\u00fchrt. Seit 2001 managt Arcondis f\u00fcr seine Kunden Herausforderungen und l\u00f6st Probleme in den Bereichen Compliance, Prozesse, Informations-<br \/>\ntechnologie und digitale Transformation. Mit sechs internationalen Standorten w\u00e4chst das Unternehmen durchschnittlich 20 % pro Jahr.[\/vc_column_text][\/vc_column_inner][vc_column_inner width=&#8220;1\/2&#8243;][vc_single_image image=&#8220;32473&#8243; img_size=&#8220;large&#8220; onclick=&#8220;custom_link&#8220; img_link_target=&#8220;_blank&#8220; link=&#8220;https:\/\/dedicalo-neu.leineglueck-demo.de\/wp-content\/uploads\/2024\/02\/Arcondis_successstory_de.pdf&#8220;][\/vc_column_inner][\/vc_row_inner][\/vc_column][\/vc_row][vc_row full_width=&#8220;stretch_row_content_no_spaces&#8220; css=&#8220;.vc_custom_1706885629015{padding-top: 0px !important;padding-bottom: 0px !important;background-image: url(https:\/\/dedicalo-neu.leineglueck-demo.de\/wp-content\/uploads\/2024\/01\/CTA-backgorund-2.jpg?id=29455) !important;background-position: center !important;background-repeat: no-repeat !important;background-size: cover !important;}&#8220; el_class=&#8220;cta-section&#8220;][vc_column width=&#8220;1\/2&#8243; offset=&#8220;vc_col-lg-7 vc_col-md-7 vc_col-xs-12 vc_hidden-xs&#8220;][\/vc_column][vc_column width=&#8220;1\/2&#8243; css=&#8220;.vc_custom_1706560112265{padding-top: 10vh !important;padding-bottom: 10vh !important;background-color: rgba(253,115,3,0.65) !important;background-position: center !important;background-repeat: no-repeat !important;background-size: cover !important;*background-color: rgb(253,115,3) !important;}&#8220; el_class=&#8220;cta-orange&#8220; offset=&#8220;vc_col-lg-5 vc_col-md-5 vc_col-xs-12&#8243;][vc_custom_heading text=&#8220;Keine Features mehr verpassen?<br \/>\nHier f\u00fcr unseren Newsletter anmelden!&#8220; font_container=&#8220;tag:h2|text_align:left|color:%23ffffff&#8220; use_theme_fonts=&#8220;yes&#8220;][vc_btn title=&#8220;Kontakt aufnehmen&#8220; style=&#8220;flat&#8220; shape=&#8220;round&#8220; color=&#8220;white&#8220; size=&#8220;lg&#8220; align=&#8220;left&#8220; link=&#8220;url:%2Fde%2Fkontakt%2F&#8220;][\/vc_column][\/vc_row]<\/p>\n<\/div>","protected":false},"excerpt":{"rendered":"<p>[vc_row full_width=&#8220;stretch_row&#8220; css=&#8220;.vc_custom_1708085889046{padding-top: 10vh !important;padding-right: 10vh !important;padding-bottom: 10vh !important;padding-left: 10vh !important;background-image: url(https:\/\/dedicalo-neu.leineglueck-demo.de\/wp-content\/uploads\/2024\/02\/arcodnis.jpg?id=32069) !important;background-position: center !important;background-repeat: no-repeat !important;background-size: cover !important;}&#8220;][vc_column][vc_empty_space height=&#8220;200px&#8220;][\/vc_column][\/vc_row][vc_row full_width=&#8220;stretch_row&#8220; css=&#8220;.vc_custom_1706885673044{padding-top: 0px !important;padding-bottom: 4vh !important;}&#8220;][vc_column][vc_custom_heading text=&#8220;Schnellere Vetriebsprozesse mit dec\u00eddalo&#8220; font_container=&#8220;tag:h2|text_align:left|color:%23005a8d&#8220; use_theme_fonts=&#8220;yes&#8220;][vc_row_inner equal_height=&#8220;yes&#8220; content_placement=&#8220;middle&#8220; gap=&#8220;35&#8243;][vc_column_inner offset=&#8220;vc_col-xs-12&#8243;][vc_column_text]Arcondis ist ein globales Beratungsunternehmen, das sich ausschlie\u00dflich auf die Gesundheits- und Life-Science-Branche mit ihren speziell hohen Anforderungen an Qualit\u00e4t [&hellip;]<\/p>\n","protected":false},"author":1,"featured_media":0,"parent":0,"menu_order":0,"comment_status":"closed","ping_status":"closed","template":"page-no-title","meta":{"inline_featured_image":false,"footnotes":"","_links_to":"","_links_to_target":""},"class_list":["post-32064","page","type-page","status-publish","hentry"],"yoast_head":"<!-- This site is optimized with the Yoast SEO plugin v27.4 - https:\/\/yoast.com\/product\/yoast-seo-wordpress\/ -->\n<title>Success Story Arcondis - decidalo<\/title>\n<meta name=\"robots\" content=\"index, follow, max-snippet:-1, max-image-preview:large, max-video-preview:-1\" \/>\n<link rel=\"canonical\" href=\"https:\/\/dedicalo-neu.leineglueck-demo.de\/de\/success-story-arcondis\/\" \/>\n<meta property=\"og:locale\" content=\"de_DE\" \/>\n<meta property=\"og:type\" content=\"article\" \/>\n<meta property=\"og:title\" content=\"Success Story Arcondis - decidalo\" \/>\n<meta property=\"og:description\" content=\"[vc_row full_width=&#8220;stretch_row&#8220; css=&#8220;.vc_custom_1708085889046{padding-top: 10vh !important;padding-right: 10vh !important;padding-bottom: 10vh !important;padding-left: 10vh !important;background-image: url(https:\/\/dedicalo-neu.leineglueck-demo.de\/wp-content\/uploads\/2024\/02\/arcodnis.jpg?id=32069) !important;background-position: center !important;background-repeat: no-repeat !important;background-size: cover !important;}&#8220;][vc_column][vc_empty_space height=&#8220;200px&#8220;][\/vc_column][\/vc_row][vc_row full_width=&#8220;stretch_row&#8220; css=&#8220;.vc_custom_1706885673044{padding-top: 0px !important;padding-bottom: 4vh !important;}&#8220;][vc_column][vc_custom_heading text=&#8220;Schnellere Vetriebsprozesse mit dec\u00eddalo&#8220; font_container=&#8220;tag:h2|text_align:left|color:%23005a8d&#8220; use_theme_fonts=&#8220;yes&#8220;][vc_row_inner equal_height=&#8220;yes&#8220; content_placement=&#8220;middle&#8220; gap=&#8220;35&#8243;][vc_column_inner offset=&#8220;vc_col-xs-12&#8243;][vc_column_text]Arcondis ist ein globales Beratungsunternehmen, das sich ausschlie\u00dflich auf die Gesundheits- und Life-Science-Branche mit ihren speziell hohen Anforderungen an Qualit\u00e4t [&hellip;]\" \/>\n<meta property=\"og:url\" content=\"https:\/\/dedicalo-neu.leineglueck-demo.de\/de\/success-story-arcondis\/\" \/>\n<meta property=\"og:site_name\" content=\"decidalo\" \/>\n<meta property=\"article:modified_time\" content=\"2025-06-19T15:55:52+00:00\" \/>\n<meta name=\"twitter:card\" content=\"summary_large_image\" \/>\n<meta name=\"twitter:label1\" content=\"Gesch\u00e4tzte Lesezeit\" \/>\n\t<meta name=\"twitter:data1\" content=\"6\u00a0Minuten\" \/>\n<script type=\"application\/ld+json\" class=\"yoast-schema-graph\">{\"@context\":\"https:\\\/\\\/schema.org\",\"@graph\":[{\"@type\":\"WebPage\",\"@id\":\"https:\\\/\\\/dedicalo-neu.leineglueck-demo.de\\\/de\\\/success-story-arcondis\\\/\",\"url\":\"https:\\\/\\\/dedicalo-neu.leineglueck-demo.de\\\/de\\\/success-story-arcondis\\\/\",\"name\":\"Success Story Arcondis - decidalo\",\"isPartOf\":{\"@id\":\"https:\\\/\\\/dedicalo-neu.leineglueck-demo.de\\\/de\\\/#website\"},\"datePublished\":\"2024-02-16T10:58:01+00:00\",\"dateModified\":\"2025-06-19T15:55:52+00:00\",\"breadcrumb\":{\"@id\":\"https:\\\/\\\/dedicalo-neu.leineglueck-demo.de\\\/de\\\/success-story-arcondis\\\/#breadcrumb\"},\"inLanguage\":\"de\",\"potentialAction\":[{\"@type\":\"ReadAction\",\"target\":[\"https:\\\/\\\/dedicalo-neu.leineglueck-demo.de\\\/de\\\/success-story-arcondis\\\/\"]}]},{\"@type\":\"BreadcrumbList\",\"@id\":\"https:\\\/\\\/dedicalo-neu.leineglueck-demo.de\\\/de\\\/success-story-arcondis\\\/#breadcrumb\",\"itemListElement\":[{\"@type\":\"ListItem\",\"position\":1,\"name\":\"Home\",\"item\":\"https:\\\/\\\/www.dedicalo.com\\\/de\\\/\"},{\"@type\":\"ListItem\",\"position\":2,\"name\":\"Success Story Arcondis\"}]},{\"@type\":\"WebSite\",\"@id\":\"https:\\\/\\\/dedicalo-neu.leineglueck-demo.de\\\/de\\\/#website\",\"url\":\"https:\\\/\\\/dedicalo-neu.leineglueck-demo.de\\\/de\\\/\",\"name\":\"decidalo\",\"description\":\"Just another WordPress site\",\"publisher\":{\"@id\":\"https:\\\/\\\/dedicalo-neu.leineglueck-demo.de\\\/de\\\/#organization\"},\"potentialAction\":[{\"@type\":\"SearchAction\",\"target\":{\"@type\":\"EntryPoint\",\"urlTemplate\":\"https:\\\/\\\/dedicalo-neu.leineglueck-demo.de\\\/de\\\/?s={search_term_string}\"},\"query-input\":{\"@type\":\"PropertyValueSpecification\",\"valueRequired\":true,\"valueName\":\"search_term_string\"}}],\"inLanguage\":\"de\"},{\"@type\":\"Organization\",\"@id\":\"https:\\\/\\\/dedicalo-neu.leineglueck-demo.de\\\/de\\\/#organization\",\"name\":\"decidalo\",\"url\":\"https:\\\/\\\/dedicalo-neu.leineglueck-demo.de\\\/de\\\/\",\"logo\":{\"@type\":\"ImageObject\",\"inLanguage\":\"de\",\"@id\":\"https:\\\/\\\/dedicalo-neu.leineglueck-demo.de\\\/de\\\/#\\\/schema\\\/logo\\\/image\\\/\",\"url\":\"https:\\\/\\\/dedicalo-neu.leineglueck-demo.de\\\/wp-content\\\/uploads\\\/2024\\\/01\\\/decidalo-by-das.png\",\"contentUrl\":\"https:\\\/\\\/dedicalo-neu.leineglueck-demo.de\\\/wp-content\\\/uploads\\\/2024\\\/01\\\/decidalo-by-das.png\",\"width\":800,\"height\":165,\"caption\":\"decidalo\"},\"image\":{\"@id\":\"https:\\\/\\\/dedicalo-neu.leineglueck-demo.de\\\/de\\\/#\\\/schema\\\/logo\\\/image\\\/\"}}]}<\/script>\n<!-- \/ Yoast SEO plugin. -->","yoast_head_json":{"title":"Success Story Arcondis - decidalo","robots":{"index":"index","follow":"follow","max-snippet":"max-snippet:-1","max-image-preview":"max-image-preview:large","max-video-preview":"max-video-preview:-1"},"canonical":"https:\/\/dedicalo-neu.leineglueck-demo.de\/de\/success-story-arcondis\/","og_locale":"de_DE","og_type":"article","og_title":"Success Story Arcondis - decidalo","og_description":"[vc_row full_width=&#8220;stretch_row&#8220; css=&#8220;.vc_custom_1708085889046{padding-top: 10vh !important;padding-right: 10vh !important;padding-bottom: 10vh !important;padding-left: 10vh !important;background-image: url(https:\/\/dedicalo-neu.leineglueck-demo.de\/wp-content\/uploads\/2024\/02\/arcodnis.jpg?id=32069) !important;background-position: center !important;background-repeat: no-repeat !important;background-size: cover !important;}&#8220;][vc_column][vc_empty_space height=&#8220;200px&#8220;][\/vc_column][\/vc_row][vc_row full_width=&#8220;stretch_row&#8220; css=&#8220;.vc_custom_1706885673044{padding-top: 0px !important;padding-bottom: 4vh !important;}&#8220;][vc_column][vc_custom_heading text=&#8220;Schnellere Vetriebsprozesse mit dec\u00eddalo&#8220; font_container=&#8220;tag:h2|text_align:left|color:%23005a8d&#8220; use_theme_fonts=&#8220;yes&#8220;][vc_row_inner equal_height=&#8220;yes&#8220; content_placement=&#8220;middle&#8220; gap=&#8220;35&#8243;][vc_column_inner offset=&#8220;vc_col-xs-12&#8243;][vc_column_text]Arcondis ist ein globales Beratungsunternehmen, das sich ausschlie\u00dflich auf die Gesundheits- und Life-Science-Branche mit ihren speziell hohen Anforderungen an Qualit\u00e4t [&hellip;]","og_url":"https:\/\/dedicalo-neu.leineglueck-demo.de\/de\/success-story-arcondis\/","og_site_name":"decidalo","article_modified_time":"2025-06-19T15:55:52+00:00","twitter_card":"summary_large_image","twitter_misc":{"Gesch\u00e4tzte Lesezeit":"6\u00a0Minuten"},"schema":{"@context":"https:\/\/schema.org","@graph":[{"@type":"WebPage","@id":"https:\/\/dedicalo-neu.leineglueck-demo.de\/de\/success-story-arcondis\/","url":"https:\/\/dedicalo-neu.leineglueck-demo.de\/de\/success-story-arcondis\/","name":"Success Story Arcondis - decidalo","isPartOf":{"@id":"https:\/\/dedicalo-neu.leineglueck-demo.de\/de\/#website"},"datePublished":"2024-02-16T10:58:01+00:00","dateModified":"2025-06-19T15:55:52+00:00","breadcrumb":{"@id":"https:\/\/dedicalo-neu.leineglueck-demo.de\/de\/success-story-arcondis\/#breadcrumb"},"inLanguage":"de","potentialAction":[{"@type":"ReadAction","target":["https:\/\/dedicalo-neu.leineglueck-demo.de\/de\/success-story-arcondis\/"]}]},{"@type":"BreadcrumbList","@id":"https:\/\/dedicalo-neu.leineglueck-demo.de\/de\/success-story-arcondis\/#breadcrumb","itemListElement":[{"@type":"ListItem","position":1,"name":"Home","item":"https:\/\/www.dedicalo.com\/de\/"},{"@type":"ListItem","position":2,"name":"Success Story Arcondis"}]},{"@type":"WebSite","@id":"https:\/\/dedicalo-neu.leineglueck-demo.de\/de\/#website","url":"https:\/\/dedicalo-neu.leineglueck-demo.de\/de\/","name":"decidalo","description":"Just another WordPress site","publisher":{"@id":"https:\/\/dedicalo-neu.leineglueck-demo.de\/de\/#organization"},"potentialAction":[{"@type":"SearchAction","target":{"@type":"EntryPoint","urlTemplate":"https:\/\/dedicalo-neu.leineglueck-demo.de\/de\/?s={search_term_string}"},"query-input":{"@type":"PropertyValueSpecification","valueRequired":true,"valueName":"search_term_string"}}],"inLanguage":"de"},{"@type":"Organization","@id":"https:\/\/dedicalo-neu.leineglueck-demo.de\/de\/#organization","name":"decidalo","url":"https:\/\/dedicalo-neu.leineglueck-demo.de\/de\/","logo":{"@type":"ImageObject","inLanguage":"de","@id":"https:\/\/dedicalo-neu.leineglueck-demo.de\/de\/#\/schema\/logo\/image\/","url":"https:\/\/dedicalo-neu.leineglueck-demo.de\/wp-content\/uploads\/2024\/01\/decidalo-by-das.png","contentUrl":"https:\/\/dedicalo-neu.leineglueck-demo.de\/wp-content\/uploads\/2024\/01\/decidalo-by-das.png","width":800,"height":165,"caption":"decidalo"},"image":{"@id":"https:\/\/dedicalo-neu.leineglueck-demo.de\/de\/#\/schema\/logo\/image\/"}}]}},"_links":{"self":[{"href":"https:\/\/dedicalo-neu.leineglueck-demo.de\/de\/wp-json\/wp\/v2\/pages\/32064","targetHints":{"allow":["GET"]}}],"collection":[{"href":"https:\/\/dedicalo-neu.leineglueck-demo.de\/de\/wp-json\/wp\/v2\/pages"}],"about":[{"href":"https:\/\/dedicalo-neu.leineglueck-demo.de\/de\/wp-json\/wp\/v2\/types\/page"}],"author":[{"embeddable":true,"href":"https:\/\/dedicalo-neu.leineglueck-demo.de\/de\/wp-json\/wp\/v2\/users\/1"}],"replies":[{"embeddable":true,"href":"https:\/\/dedicalo-neu.leineglueck-demo.de\/de\/wp-json\/wp\/v2\/comments?post=32064"}],"version-history":[{"count":9,"href":"https:\/\/dedicalo-neu.leineglueck-demo.de\/de\/wp-json\/wp\/v2\/pages\/32064\/revisions"}],"predecessor-version":[{"id":32689,"href":"https:\/\/dedicalo-neu.leineglueck-demo.de\/de\/wp-json\/wp\/v2\/pages\/32064\/revisions\/32689"}],"wp:attachment":[{"href":"https:\/\/dedicalo-neu.leineglueck-demo.de\/de\/wp-json\/wp\/v2\/media?parent=32064"}],"curies":[{"name":"wp","href":"https:\/\/api.w.org\/{rel}","templated":true}]}}