{"id":32155,"date":"2024-02-19T10:24:28","date_gmt":"2024-02-19T10:24:28","guid":{"rendered":"https:\/\/dedicalo-neu.leineglueck-demo.de\/?page_id=32155"},"modified":"2025-06-19T17:46:03","modified_gmt":"2025-06-19T15:46:03","slug":"success-story-computacenter","status":"publish","type":"page","link":"https:\/\/dedicalo-neu.leineglueck-demo.de\/de\/success-story-computacenter\/","title":{"rendered":"Success Story Computacenter"},"content":{"rendered":"<div class=\"wpb-content-wrapper\"><p>[vc_row full_width=&#8220;stretch_row&#8220; css=&#8220;.vc_custom_1708338440484{padding-top: 10vh !important;padding-right: 10vh !important;padding-bottom: 10vh !important;padding-left: 10vh !important;background-image: url(https:\/\/dedicalo-neu.leineglueck-demo.de\/wp-content\/uploads\/2018\/05\/15052122.jpg?id=9601) !important;background-position: center !important;background-repeat: no-repeat !important;background-size: cover !important;}&#8220;][vc_column][vc_empty_space height=&#8220;200px&#8220;][\/vc_column][\/vc_row][vc_row full_width=&#8220;stretch_row&#8220; css=&#8220;.vc_custom_1706885673044{padding-top: 0px !important;padding-bottom: 4vh !important;}&#8220;][vc_column][vc_custom_heading text=&#8220;Skills optimal vermarkten&#8220; font_container=&#8220;tag:h2|text_align:left|color:%23005a8d&#8220; use_theme_fonts=&#8220;yes&#8220;][vc_row_inner equal_height=&#8220;yes&#8220; content_placement=&#8220;middle&#8220; gap=&#8220;35&#8243;][vc_column_inner offset=&#8220;vc_col-xs-12&#8243;][vc_column_text]<span style=\"color: #005a8d;\">Der IT-Dienstleister Computacenter war mit einer Eigenentwicklung zur Verwaltung der Skills und CVs seiner Mitarbeiter an Grenzen gesto\u00dfen. Das nahm das Unternehmen zum Anlass, die Altanwendung durch die Standardsoftware dec\u00eddalo zu ersetzen. Nach deren erfolgreicher Implementierung in Deutschland plant Computacenter bereits die n\u00e4chsten Schritte. Als Europas f\u00fchrender herstellerunabh\u00e4ngiger IT-Dienstleister deckt Computacenter ein breites Skill-Spektrum ab. Um die vorhandenen F\u00e4higkeiten effizient f\u00fcr Kundenprojekte zu nutzen, gibt es bei dem Unternehmen seit langem ein professionelles Ressourcenmanagement mit dedizierten Ressourcenmanagern. Dessen zentrale Aufgabe ist die Besetzung von Kundenprojekten mit geeigneten Mitarbeitern. Dabei ist es oft n\u00f6tig, die Eignung der Kandidaten gegen\u00fcber dem Kunden nachzuweisen. Hierf\u00fcr werden Mitarbeiterprofile, sogenannte CVs, als PDF-Dokumente erzeugt. In der Vergangenheit gab es \u2013 historisch gewachsen \u2013 verschiedene Quellen f\u00fcr Skills, Zertifizierungen, Projekterfahrungen und Fortbildungen. F\u00fcr die Generierung von CVs wurden die Daten in einem selbstentwickelten Tool zusammengef\u00fchrt. Das Ressourcenmanagement konnte nach ben\u00f6tigten Skills suchen und CVs der gefundenen Kandidaten herunterladen. Grundlage f\u00fcr die Skill-Erfassung und Suche war ein umfangreicher, im Personalwirtschaftssystem SAP HCM hinterlegter Skill-Katalog.<\/span>[\/vc_column_text][\/vc_column_inner][\/vc_row_inner][\/vc_column][\/vc_row][vc_row full_width=&#8220;stretch_row&#8220; css=&#8220;.vc_custom_1708339101595{padding-top: 0px !important;padding-bottom: 8vh !important;background-color: #fafafa !important;}&#8220;][vc_column][vc_custom_heading text=&#8220;Die Grenzen der Marke \u201eEigenbau\u201d&#8220; font_container=&#8220;tag:h2|text_align:left|color:%23005a8d&#8220; use_theme_fonts=&#8220;yes&#8220;][vc_row_inner][vc_column_inner width=&#8220;1\/2&#8243;][vc_single_image image=&#8220;9600&#8243; img_size=&#8220;large&#8220;][\/vc_column_inner][vc_column_inner width=&#8220;1\/2&#8243;][vc_column_text]<\/p>\n<div>\n<div>\n<div>\n<div>\n<div>\n<p>Im Laufe der Zeit wurde es zunehmend schwieriger, die ben\u00f6tigte Datenqualit\u00e4t in dem alten Tool aufrechtzuerhalten. Die nicht mehr zeitgem\u00e4\u00dfe Benutzeroberfl\u00e4che und ein ausufernder Skill-Katalog f\u00fchrten dazu, dass Mitarbeiter ihre Profile au\u00dferhalb des Systems im Textverarbeitungsprogramm Word pflegten. Dies erschwerte die Arbeit des Ressourcenmanagements und beeintr\u00e4chtigte die Qualit\u00e4t der CVs. Erh\u00f6hter manueller Aufwand und l\u00e4ngere Bearbeitungszeiten waren die Folge.<\/p>\n<p>Ben\u00f6tigte Verbesserungen und Erweiterungen wurden in der Eigenentwicklung nicht schnell genug umgesetzt, um parallele CV-Pflege in Word zu verhindern.<\/p>\n<\/div>\n<\/div>\n<\/div>\n<\/div>\n<\/div>\n<p>[\/vc_column_text][\/vc_column_inner][\/vc_row_inner][\/vc_column][\/vc_row][vc_row full_width=&#8220;stretch_row&#8220; css=&#8220;.vc_custom_1708339094513{padding-top: 0px !important;padding-bottom: 8vh !important;background-color: #ffffff !important;}&#8220;][vc_column][vc_custom_heading text=&#8220;Entscheidung nach Machbarkeitsstudie&#8220; font_container=&#8220;tag:h2|text_align:left|color:%23005a8d&#8220; use_theme_fonts=&#8220;yes&#8220;][vc_row_inner][vc_column_inner][vc_column_text]<\/p>\n<div class=\"vc_row wpb_row vc_inner vc_row-fluid\">\n<div class=\"wpb_column vc_column_container vc_col-sm-12\">\n<div class=\"vc_column-inner\">\n<div class=\"wpb_wrapper\">\n<div class=\"wpb_text_column wpb_content_element \">\n<div class=\"vc_row wpb_row vc_inner vc_row-fluid vc_row-o-equal-height vc_row-o-content-middle vc_row-flex\">\n<div class=\"wpb_column vc_column_container vc_col-sm-12\">\n<div class=\"vc_column-inner\">\n<div class=\"wpb_wrapper\">\n<div class=\"wpb_text_column wpb_content_element \">\n<div class=\"wpb_wrapper\">\n<p>Da weitere Investitionen in die Eigenentwicklung nicht rentabel schienen, entschied man sich bei Computacenter, nach einer Standardl\u00f6sung zu suchen. Aufgrund der klaren Fokussierung auf die IT-Service- und Consulting-Branche und der daraus resultierenden hohen Anforderungsabdeckung wurde dec\u00eddalo von Data Assessment Solutions schnell als ein aussichtsreicher Kandidat identifiziert.<\/p>\n<p>Im Rahmen eines Proof of Concept (PoC) wurde zun\u00e4chst die Umsetzbarkeit der Anforderungen \u00fcberpr\u00fcft. Eine zentrale Zielsetzung f\u00fcr die neue L\u00f6sung war die Steigerung der CV-Qualit\u00e4t. Projektbeschreibungen sollten durch die Verwendung von Textbausteinen standardisiert werden. Des Weiteren sollten die Mitarbeiter rollenspezifische Vorschl\u00e4ge zur Vervollst\u00e4ndigung ihres Skill-Profils erhalten. Beide Anforderungen wurden in dem PoC mit dec\u00eddalo erfolgreich umgesetzt.<\/p>\n<p>Nat\u00fcrlich sollten die Mitarbeiter ihre Profile in dem neuen System nicht erneut anlegen, sondern ihre Daten aus dem Altsystem wiederfinden. Hier konnte Data Assessment Solutions mit der Erfahrung aus vergleichbaren Migrationsprojekten bei internationalen IT-Dienstleistern \u00fcberzeugen.<\/p>\n<p>\u201eWir haben uns aufgrund der Flexibilit\u00e4t sowie der Geschwindigkeit f\u00fcr dec\u00eddalo entschieden. Die Applikation \u00fcberzeugt uns vor allem durch die hohe, kundenspezifische CV-Qualit\u00e4t.\u201d So fasst ein Mitglied des Projektteams f\u00fcr die Tool-Auswahl die Entscheidung zusammen.<\/p>\n<\/div>\n<\/div>\n<\/div>\n<\/div>\n<\/div>\n<\/div>\n<\/div>\n<\/div>\n<\/div>\n<\/div>\n<\/div>\n<p>[\/vc_column_text][\/vc_column_inner][\/vc_row_inner][\/vc_column][\/vc_row][vc_row full_width=&#8220;stretch_row&#8220; css=&#8220;.vc_custom_1708339119637{padding-top: 0px !important;padding-bottom: 8vh !important;background-color: #fafafa !important;}&#8220;][vc_column][vc_custom_heading text=&#8220;In vier Monaten vom Piloten zum Produktivstart&#8220; font_container=&#8220;tag:h2|text_align:left|color:%23005a8d&#8220; use_theme_fonts=&#8220;yes&#8220;][vc_row_inner][vc_column_inner][vc_column_text]<\/p>\n<div class=\"vc_row wpb_row vc_inner vc_row-fluid\">\n<div class=\"wpb_column vc_column_container vc_col-sm-12\">\n<div class=\"vc_column-inner\">\n<div class=\"wpb_wrapper\">\n<div class=\"wpb_text_column wpb_content_element \">\n<div class=\"vc_row wpb_row vc_inner vc_row-fluid vc_row-o-equal-height vc_row-o-content-middle vc_row-flex\">\n<div class=\"wpb_column vc_column_container vc_col-sm-12\">\n<div class=\"vc_column-inner\">\n<div class=\"wpb_wrapper\">\n<div class=\"wpb_text_column wpb_content_element \">\n<div class=\"wpb_wrapper\">\n<div class=\"vc_row wpb_row vc_inner vc_row-fluid\">\n<div class=\"wpb_column vc_column_container vc_col-sm-12\">\n<div class=\"vc_column-inner\">\n<div class=\"wpb_wrapper\">\n<div class=\"wpb_text_column wpb_content_element \">\n<div class=\"wpb_wrapper\">\n<p>Im Februar 2017 wurde Data Assessment Solutions mit der Einf\u00fchrung von dec\u00eddalo bei Computacenter beauftragt. Im Rahmen der Datenmigration wurde der Skill-Katalog deutlich verschlankt und in eine \u00fcbersichtliche Struktur transformiert. \u00dcber Schnittstellen wurde das SAP-Personalsystem angebunden, um Benutzer- Stammdaten zu importieren. Berechtigungskonzepte, Workflows, E-Mail-Benachrichtigungen und Reports wurden eingerichtet und die im Rahmen der dec\u00eddalo-Einf\u00fchrung neu gestalteten CV-Templates umgesetzt.<\/p>\n<p>Im Juni 2017 ging die L\u00f6sung als Software-as-a-Service in den Betrieb, zun\u00e4chst f\u00fcr eine Pilotgruppe. Mit Hilfe von deren Feedback wurde das System optimiert; parallel wurde der Roll-out vorbereitet. Ein Support-Prozess wurde etabliert, in dem 1st- und 2nd-Level-Support durch Computacenter und 3rd-Level-Support durch Data Assessment Solutions \u00fcbernommen werden. Zur Schulung der Mitarbeiter fertigte Computacenter Schulungsvideos an. Im Oktober 2017 erfolgte der Rollout f\u00fcr 2.500 User in Deutschland.<\/p>\n<\/div>\n<\/div>\n<\/div>\n<\/div>\n<\/div>\n<\/div>\n<\/div>\n<\/div>\n<\/div>\n<\/div>\n<\/div>\n<\/div>\n<\/div>\n<\/div>\n<\/div>\n<\/div>\n<\/div>\n<p>[\/vc_column_text][\/vc_column_inner][\/vc_row_inner][\/vc_column][\/vc_row][vc_row full_width=&#8220;stretch_row&#8220; css=&#8220;.vc_custom_1708339133332{padding-top: 0px !important;padding-bottom: 8vh !important;background-color: #ffffff !important;}&#8220;][vc_column][vc_custom_heading text=&#8220;Verbesserung auf ganzer Linie&#8220; font_container=&#8220;tag:h2|text_align:left|color:%23005a8d&#8220; use_theme_fonts=&#8220;yes&#8220;][vc_row_inner][vc_column_inner][vc_column_text]Das Feedback war vom ersten Tag an durchweg positiv. Hervorgehoben wird die intuitive und \u00fcbersichtliche Benutzeroberfl\u00e4che. Der Zeitaufwand f\u00fcr Mitarbeiter und Ressourcenmanager war deutlich zur\u00fcckgegangen. Besonderes Lob erhielten die effiziente Suchfunktion und die einfache Anpassbarkeit von CVs zum Export.[\/vc_column_text][\/vc_column_inner][\/vc_row_inner][vc_row_inner][vc_column_inner width=&#8220;1\/2&#8243;][vc_column_text]<\/p>\n<div>\n<div>\n<div>\n<div>\n<div>\n<p>\u201edec\u00eddalo erm\u00f6glicht es uns, unsere CVs qualitativ sehr hochwertig zu gestalten und das Know-how unserer Mitarbeiter bestm\u00f6glich zu vermarkten\u201d, beschreibt Maik Str\u00f6ber, Senior Teamleader Technical Resources Group und Projektleiter f\u00fcr die dec\u00eddalo-Einf\u00fchrung, den entscheidenden Mehrwert der L\u00f6sung. Die effiziente Vermarktung von Kompetenz ist der Kern des IT-Service- und Beratungsgesch\u00e4fts.<\/p>\n<p>Schnelles Finden der richtigen Experten und \u00fcberzeugende Darstellung ihrer F\u00e4higkeiten sind kritische Erfolgsfaktoren. Mit dec\u00eddalo erreicht Computacenter hier beeindruckende Zahlen. Seit der Einf\u00fchrung werden jeden Monat durchschnittlich 1.300 CVs generiert.<\/p>\n<\/div>\n<\/div>\n<\/div>\n<\/div>\n<\/div>\n<p>[\/vc_column_text][\/vc_column_inner][vc_column_inner width=&#8220;1\/2&#8243;][vc_single_image image=&#8220;9599&#8243; img_size=&#8220;large&#8220;][\/vc_column_inner][\/vc_row_inner][\/vc_column][\/vc_row][vc_row full_width=&#8220;stretch_row&#8220; css=&#8220;.vc_custom_1708339143045{padding-top: 3vh !important;padding-bottom: 8vh !important;background-color: #fafafa !important;}&#8220;][vc_column][vc_custom_heading text=&#8220;Ausblick&#8220; font_container=&#8220;tag:h2|text_align:left|color:%23005a8d&#8220; use_theme_fonts=&#8220;yes&#8220;][vc_row_inner][vc_column_inner][vc_column_text]Aufgrund des Erfolgs in Deutschland plant Computacenter den internationalen Roll-out von dec\u00eddalo. Auch die Verkn\u00fcpfung mit weiteren Gesch\u00e4ftsprozessen ist in Vorbereitung.[\/vc_column_text][\/vc_column_inner][\/vc_row_inner][\/vc_column][\/vc_row][vc_row full_width=&#8220;stretch_row&#8220; css=&#8220;.vc_custom_1706885624056{padding-top: 3vh !important;padding-bottom: 8vh !important;}&#8220;][vc_column][vc_custom_heading text=&#8220;\u00dcber Computacenter&#8220; font_container=&#8220;tag:h2|text_align:left|color:%23005a8d&#8220; use_theme_fonts=&#8220;yes&#8220;][vc_row_inner][vc_column_inner width=&#8220;1\/2&#8243;][vc_empty_space height=&#8220;50px&#8220;][vc_single_image image=&#8220;32493&#8243; img_size=&#8220;large&#8220; alignment=&#8220;center&#8220; onclick=&#8220;custom_link&#8220; img_link_target=&#8220;_blank&#8220; link=&#8220;https:\/\/dedicalo-neu.leineglueck-demo.de\/wp-content\/uploads\/2018\/05\/Success-Story_Computacenter.pdf&#8220;][\/vc_column_inner][vc_column_inner width=&#8220;1\/2&#8243;][vc_column_text]Die britische Computacenter PLC ist Europas f\u00fchrender hersteller\u00fcbergreifender Dienstleister f\u00fcr eine Informationstechnologie, die Anwender und deren Gesch\u00e4ft erfolgreich macht. Das Unternehmen ber\u00e4t Organisationen hinsichtlich ihrer IT-Strategie, implementiert die am besten geeigneten Technologien, optimiert ihre Performance oder managt die IT-Infrastruktur seiner Kunden. Computacenter unterst\u00fctzt CIOs und IT-Abteilungen in gro\u00dfen Unternehmen und Beh\u00f6rden dabei, die Produktivit\u00e4t sowie den Wert der IT f\u00fcr ihre internen und externen Kunden zu erh\u00f6hen. Im Jahr 2017 erwirtschaftete Computacenter mit rund 15.000 Besch\u00e4ftigten einen Umsatz von 3,8 Milliarden Pfund. In Deutschland besch\u00e4ftigt Computacenter rund 6.200 Mitarbeiterinnen und Mitarbeiter und erzielte 2017 einen Umsatz von 1,97 Milliarden Euro.[\/vc_column_text][\/vc_column_inner][\/vc_row_inner][\/vc_column][\/vc_row][vc_row full_width=&#8220;stretch_row_content_no_spaces&#8220; css=&#8220;.vc_custom_1706885629015{padding-top: 0px !important;padding-bottom: 0px !important;background-image: url(https:\/\/dedicalo-neu.leineglueck-demo.de\/wp-content\/uploads\/2024\/01\/CTA-backgorund-2.jpg?id=29455) !important;background-position: center !important;background-repeat: no-repeat !important;background-size: cover !important;}&#8220; el_class=&#8220;cta-section&#8220;][vc_column width=&#8220;1\/2&#8243; offset=&#8220;vc_col-lg-7 vc_col-md-7 vc_col-xs-12 vc_hidden-xs&#8220;][\/vc_column][vc_column width=&#8220;1\/2&#8243; css=&#8220;.vc_custom_1706560112265{padding-top: 10vh !important;padding-bottom: 10vh !important;background-color: rgba(253,115,3,0.65) !important;background-position: center !important;background-repeat: no-repeat !important;background-size: cover !important;*background-color: rgb(253,115,3) !important;}&#8220; el_class=&#8220;cta-orange&#8220; offset=&#8220;vc_col-lg-5 vc_col-md-5 vc_col-xs-12&#8243;][vc_custom_heading text=&#8220;Keine Features verpassen?<br \/>\nHier f\u00fcr unseren Newsletter anmelden!&#8220; font_container=&#8220;tag:h2|text_align:left|color:%23ffffff&#8220; use_theme_fonts=&#8220;yes&#8220;][vc_btn title=&#8220;Kontakt aufnehmen&#8220; style=&#8220;flat&#8220; shape=&#8220;round&#8220; color=&#8220;white&#8220; size=&#8220;lg&#8220; align=&#8220;left&#8220; link=&#8220;url:%2Fde%2Fkontakt%2F&#8220;][\/vc_column][\/vc_row]<\/p>\n<\/div>","protected":false},"excerpt":{"rendered":"<p>[vc_row full_width=&#8220;stretch_row&#8220; css=&#8220;.vc_custom_1708338440484{padding-top: 10vh !important;padding-right: 10vh !important;padding-bottom: 10vh !important;padding-left: 10vh !important;background-image: url(https:\/\/dedicalo-neu.leineglueck-demo.de\/wp-content\/uploads\/2018\/05\/15052122.jpg?id=9601) !important;background-position: center !important;background-repeat: no-repeat !important;background-size: cover !important;}&#8220;][vc_column][vc_empty_space height=&#8220;200px&#8220;][\/vc_column][\/vc_row][vc_row full_width=&#8220;stretch_row&#8220; css=&#8220;.vc_custom_1706885673044{padding-top: 0px !important;padding-bottom: 4vh !important;}&#8220;][vc_column][vc_custom_heading text=&#8220;Skills optimal vermarkten&#8220; font_container=&#8220;tag:h2|text_align:left|color:%23005a8d&#8220; use_theme_fonts=&#8220;yes&#8220;][vc_row_inner equal_height=&#8220;yes&#8220; content_placement=&#8220;middle&#8220; gap=&#8220;35&#8243;][vc_column_inner offset=&#8220;vc_col-xs-12&#8243;][vc_column_text]Der IT-Dienstleister Computacenter war mit einer Eigenentwicklung zur Verwaltung der Skills und CVs seiner Mitarbeiter an Grenzen gesto\u00dfen. Das nahm das [&hellip;]<\/p>\n","protected":false},"author":1,"featured_media":0,"parent":0,"menu_order":0,"comment_status":"closed","ping_status":"closed","template":"page-no-title","meta":{"inline_featured_image":false,"footnotes":"","_links_to":"","_links_to_target":""},"class_list":["post-32155","page","type-page","status-publish","hentry"],"yoast_head":"<!-- This site is optimized with the Yoast SEO plugin v27.4 - https:\/\/yoast.com\/product\/yoast-seo-wordpress\/ -->\n<title>Success Story Computacenter - decidalo<\/title>\n<meta name=\"robots\" content=\"index, follow, max-snippet:-1, max-image-preview:large, max-video-preview:-1\" \/>\n<link rel=\"canonical\" href=\"https:\/\/dedicalo-neu.leineglueck-demo.de\/de\/success-story-computacenter\/\" \/>\n<meta property=\"og:locale\" content=\"de_DE\" \/>\n<meta property=\"og:type\" content=\"article\" \/>\n<meta property=\"og:title\" content=\"Success Story Computacenter - decidalo\" \/>\n<meta property=\"og:description\" content=\"[vc_row full_width=&#8220;stretch_row&#8220; css=&#8220;.vc_custom_1708338440484{padding-top: 10vh !important;padding-right: 10vh !important;padding-bottom: 10vh !important;padding-left: 10vh !important;background-image: url(https:\/\/dedicalo-neu.leineglueck-demo.de\/wp-content\/uploads\/2018\/05\/15052122.jpg?id=9601) !important;background-position: center !important;background-repeat: no-repeat !important;background-size: cover !important;}&#8220;][vc_column][vc_empty_space height=&#8220;200px&#8220;][\/vc_column][\/vc_row][vc_row full_width=&#8220;stretch_row&#8220; css=&#8220;.vc_custom_1706885673044{padding-top: 0px !important;padding-bottom: 4vh !important;}&#8220;][vc_column][vc_custom_heading text=&#8220;Skills optimal vermarkten&#8220; font_container=&#8220;tag:h2|text_align:left|color:%23005a8d&#8220; use_theme_fonts=&#8220;yes&#8220;][vc_row_inner equal_height=&#8220;yes&#8220; content_placement=&#8220;middle&#8220; gap=&#8220;35&#8243;][vc_column_inner offset=&#8220;vc_col-xs-12&#8243;][vc_column_text]Der IT-Dienstleister Computacenter war mit einer Eigenentwicklung zur Verwaltung der Skills und CVs seiner Mitarbeiter an Grenzen gesto\u00dfen. Das nahm das [&hellip;]\" \/>\n<meta property=\"og:url\" content=\"https:\/\/dedicalo-neu.leineglueck-demo.de\/de\/success-story-computacenter\/\" \/>\n<meta property=\"og:site_name\" content=\"decidalo\" \/>\n<meta property=\"article:modified_time\" content=\"2025-06-19T15:46:03+00:00\" \/>\n<meta name=\"twitter:card\" content=\"summary_large_image\" \/>\n<meta name=\"twitter:label1\" content=\"Gesch\u00e4tzte Lesezeit\" \/>\n\t<meta name=\"twitter:data1\" content=\"5\u00a0Minuten\" \/>\n<script type=\"application\/ld+json\" class=\"yoast-schema-graph\">{\"@context\":\"https:\\\/\\\/schema.org\",\"@graph\":[{\"@type\":\"WebPage\",\"@id\":\"https:\\\/\\\/dedicalo-neu.leineglueck-demo.de\\\/de\\\/success-story-computacenter\\\/\",\"url\":\"https:\\\/\\\/dedicalo-neu.leineglueck-demo.de\\\/de\\\/success-story-computacenter\\\/\",\"name\":\"Success Story Computacenter - decidalo\",\"isPartOf\":{\"@id\":\"https:\\\/\\\/dedicalo-neu.leineglueck-demo.de\\\/de\\\/#website\"},\"datePublished\":\"2024-02-19T10:24:28+00:00\",\"dateModified\":\"2025-06-19T15:46:03+00:00\",\"breadcrumb\":{\"@id\":\"https:\\\/\\\/dedicalo-neu.leineglueck-demo.de\\\/de\\\/success-story-computacenter\\\/#breadcrumb\"},\"inLanguage\":\"de\",\"potentialAction\":[{\"@type\":\"ReadAction\",\"target\":[\"https:\\\/\\\/dedicalo-neu.leineglueck-demo.de\\\/de\\\/success-story-computacenter\\\/\"]}]},{\"@type\":\"BreadcrumbList\",\"@id\":\"https:\\\/\\\/dedicalo-neu.leineglueck-demo.de\\\/de\\\/success-story-computacenter\\\/#breadcrumb\",\"itemListElement\":[{\"@type\":\"ListItem\",\"position\":1,\"name\":\"Home\",\"item\":\"https:\\\/\\\/www.dedicalo.com\\\/de\\\/\"},{\"@type\":\"ListItem\",\"position\":2,\"name\":\"Success Story Computacenter\"}]},{\"@type\":\"WebSite\",\"@id\":\"https:\\\/\\\/dedicalo-neu.leineglueck-demo.de\\\/de\\\/#website\",\"url\":\"https:\\\/\\\/dedicalo-neu.leineglueck-demo.de\\\/de\\\/\",\"name\":\"decidalo\",\"description\":\"Just another WordPress site\",\"publisher\":{\"@id\":\"https:\\\/\\\/dedicalo-neu.leineglueck-demo.de\\\/de\\\/#organization\"},\"potentialAction\":[{\"@type\":\"SearchAction\",\"target\":{\"@type\":\"EntryPoint\",\"urlTemplate\":\"https:\\\/\\\/dedicalo-neu.leineglueck-demo.de\\\/de\\\/?s={search_term_string}\"},\"query-input\":{\"@type\":\"PropertyValueSpecification\",\"valueRequired\":true,\"valueName\":\"search_term_string\"}}],\"inLanguage\":\"de\"},{\"@type\":\"Organization\",\"@id\":\"https:\\\/\\\/dedicalo-neu.leineglueck-demo.de\\\/de\\\/#organization\",\"name\":\"decidalo\",\"url\":\"https:\\\/\\\/dedicalo-neu.leineglueck-demo.de\\\/de\\\/\",\"logo\":{\"@type\":\"ImageObject\",\"inLanguage\":\"de\",\"@id\":\"https:\\\/\\\/dedicalo-neu.leineglueck-demo.de\\\/de\\\/#\\\/schema\\\/logo\\\/image\\\/\",\"url\":\"https:\\\/\\\/dedicalo-neu.leineglueck-demo.de\\\/wp-content\\\/uploads\\\/2024\\\/01\\\/decidalo-by-das.png\",\"contentUrl\":\"https:\\\/\\\/dedicalo-neu.leineglueck-demo.de\\\/wp-content\\\/uploads\\\/2024\\\/01\\\/decidalo-by-das.png\",\"width\":800,\"height\":165,\"caption\":\"decidalo\"},\"image\":{\"@id\":\"https:\\\/\\\/dedicalo-neu.leineglueck-demo.de\\\/de\\\/#\\\/schema\\\/logo\\\/image\\\/\"}}]}<\/script>\n<!-- \/ Yoast SEO plugin. -->","yoast_head_json":{"title":"Success Story Computacenter - decidalo","robots":{"index":"index","follow":"follow","max-snippet":"max-snippet:-1","max-image-preview":"max-image-preview:large","max-video-preview":"max-video-preview:-1"},"canonical":"https:\/\/dedicalo-neu.leineglueck-demo.de\/de\/success-story-computacenter\/","og_locale":"de_DE","og_type":"article","og_title":"Success Story Computacenter - decidalo","og_description":"[vc_row full_width=&#8220;stretch_row&#8220; css=&#8220;.vc_custom_1708338440484{padding-top: 10vh !important;padding-right: 10vh !important;padding-bottom: 10vh !important;padding-left: 10vh !important;background-image: url(https:\/\/dedicalo-neu.leineglueck-demo.de\/wp-content\/uploads\/2018\/05\/15052122.jpg?id=9601) !important;background-position: center !important;background-repeat: no-repeat !important;background-size: cover !important;}&#8220;][vc_column][vc_empty_space height=&#8220;200px&#8220;][\/vc_column][\/vc_row][vc_row full_width=&#8220;stretch_row&#8220; css=&#8220;.vc_custom_1706885673044{padding-top: 0px !important;padding-bottom: 4vh !important;}&#8220;][vc_column][vc_custom_heading text=&#8220;Skills optimal vermarkten&#8220; font_container=&#8220;tag:h2|text_align:left|color:%23005a8d&#8220; use_theme_fonts=&#8220;yes&#8220;][vc_row_inner equal_height=&#8220;yes&#8220; content_placement=&#8220;middle&#8220; gap=&#8220;35&#8243;][vc_column_inner offset=&#8220;vc_col-xs-12&#8243;][vc_column_text]Der IT-Dienstleister Computacenter war mit einer Eigenentwicklung zur Verwaltung der Skills und CVs seiner Mitarbeiter an Grenzen gesto\u00dfen. Das nahm das [&hellip;]","og_url":"https:\/\/dedicalo-neu.leineglueck-demo.de\/de\/success-story-computacenter\/","og_site_name":"decidalo","article_modified_time":"2025-06-19T15:46:03+00:00","twitter_card":"summary_large_image","twitter_misc":{"Gesch\u00e4tzte Lesezeit":"5\u00a0Minuten"},"schema":{"@context":"https:\/\/schema.org","@graph":[{"@type":"WebPage","@id":"https:\/\/dedicalo-neu.leineglueck-demo.de\/de\/success-story-computacenter\/","url":"https:\/\/dedicalo-neu.leineglueck-demo.de\/de\/success-story-computacenter\/","name":"Success Story Computacenter - decidalo","isPartOf":{"@id":"https:\/\/dedicalo-neu.leineglueck-demo.de\/de\/#website"},"datePublished":"2024-02-19T10:24:28+00:00","dateModified":"2025-06-19T15:46:03+00:00","breadcrumb":{"@id":"https:\/\/dedicalo-neu.leineglueck-demo.de\/de\/success-story-computacenter\/#breadcrumb"},"inLanguage":"de","potentialAction":[{"@type":"ReadAction","target":["https:\/\/dedicalo-neu.leineglueck-demo.de\/de\/success-story-computacenter\/"]}]},{"@type":"BreadcrumbList","@id":"https:\/\/dedicalo-neu.leineglueck-demo.de\/de\/success-story-computacenter\/#breadcrumb","itemListElement":[{"@type":"ListItem","position":1,"name":"Home","item":"https:\/\/www.dedicalo.com\/de\/"},{"@type":"ListItem","position":2,"name":"Success Story Computacenter"}]},{"@type":"WebSite","@id":"https:\/\/dedicalo-neu.leineglueck-demo.de\/de\/#website","url":"https:\/\/dedicalo-neu.leineglueck-demo.de\/de\/","name":"decidalo","description":"Just another WordPress site","publisher":{"@id":"https:\/\/dedicalo-neu.leineglueck-demo.de\/de\/#organization"},"potentialAction":[{"@type":"SearchAction","target":{"@type":"EntryPoint","urlTemplate":"https:\/\/dedicalo-neu.leineglueck-demo.de\/de\/?s={search_term_string}"},"query-input":{"@type":"PropertyValueSpecification","valueRequired":true,"valueName":"search_term_string"}}],"inLanguage":"de"},{"@type":"Organization","@id":"https:\/\/dedicalo-neu.leineglueck-demo.de\/de\/#organization","name":"decidalo","url":"https:\/\/dedicalo-neu.leineglueck-demo.de\/de\/","logo":{"@type":"ImageObject","inLanguage":"de","@id":"https:\/\/dedicalo-neu.leineglueck-demo.de\/de\/#\/schema\/logo\/image\/","url":"https:\/\/dedicalo-neu.leineglueck-demo.de\/wp-content\/uploads\/2024\/01\/decidalo-by-das.png","contentUrl":"https:\/\/dedicalo-neu.leineglueck-demo.de\/wp-content\/uploads\/2024\/01\/decidalo-by-das.png","width":800,"height":165,"caption":"decidalo"},"image":{"@id":"https:\/\/dedicalo-neu.leineglueck-demo.de\/de\/#\/schema\/logo\/image\/"}}]}},"_links":{"self":[{"href":"https:\/\/dedicalo-neu.leineglueck-demo.de\/de\/wp-json\/wp\/v2\/pages\/32155","targetHints":{"allow":["GET"]}}],"collection":[{"href":"https:\/\/dedicalo-neu.leineglueck-demo.de\/de\/wp-json\/wp\/v2\/pages"}],"about":[{"href":"https:\/\/dedicalo-neu.leineglueck-demo.de\/de\/wp-json\/wp\/v2\/types\/page"}],"author":[{"embeddable":true,"href":"https:\/\/dedicalo-neu.leineglueck-demo.de\/de\/wp-json\/wp\/v2\/users\/1"}],"replies":[{"embeddable":true,"href":"https:\/\/dedicalo-neu.leineglueck-demo.de\/de\/wp-json\/wp\/v2\/comments?post=32155"}],"version-history":[{"count":9,"href":"https:\/\/dedicalo-neu.leineglueck-demo.de\/de\/wp-json\/wp\/v2\/pages\/32155\/revisions"}],"predecessor-version":[{"id":34271,"href":"https:\/\/dedicalo-neu.leineglueck-demo.de\/de\/wp-json\/wp\/v2\/pages\/32155\/revisions\/34271"}],"wp:attachment":[{"href":"https:\/\/dedicalo-neu.leineglueck-demo.de\/de\/wp-json\/wp\/v2\/media?parent=32155"}],"curies":[{"name":"wp","href":"https:\/\/api.w.org\/{rel}","templated":true}]}}